{"id":2363,"date":"2021-01-25T16:51:59","date_gmt":"2021-01-25T15:51:59","guid":{"rendered":"https:\/\/muetterberatung-bl-bs.ch\/2\/?page_id=2363"},"modified":"2024-03-14T09:29:09","modified_gmt":"2024-03-14T08:29:09","slug":"netzwerkgruppe-mvb-bl-so","status":"publish","type":"page","link":"https:\/\/muetterberatung-bl-bs.ch\/2\/intern\/netzwerkgruppe-mvb-bl-so\/","title":{"rendered":"Netzwerkgruppe MVB BL\/SO"},"content":{"rendered":"<p><div class=\"fusion-fullwidth fullwidth-box fusion-builder-row-1 fusion-flex-container nonhundred-percent-fullwidth non-hundred-percent-height-scrolling\" style=\"--awb-border-radius-top-left:0px;--awb-border-radius-top-right:0px;--awb-border-radius-bottom-right:0px;--awb-border-radius-bottom-left:0px;--awb-flex-wrap:wrap;\" ><div class=\"fusion-builder-row fusion-row fusion-flex-align-items-flex-start fusion-flex-content-wrap\" style=\"max-width:1331.2px;margin-left: calc(-4% \/ 2 );margin-right: calc(-4% \/ 2 );\"><div class=\"fusion-layout-column fusion_builder_column fusion-builder-column-0 fusion_builder_column_1_1 1_1 fusion-flex-column\" style=\"--awb-bg-size:cover;--awb-width-large:100%;--awb-margin-top-large:20px;--awb-spacing-right-large:1.92%;--awb-margin-bottom-large:20px;--awb-spacing-left-large:1.92%;--awb-width-medium:100%;--awb-order-medium:0;--awb-spacing-right-medium:1.92%;--awb-spacing-left-medium:1.92%;--awb-width-small:100%;--awb-order-small:0;--awb-spacing-right-small:1.92%;--awb-spacing-left-small:1.92%;\"><div class=\"fusion-column-wrapper fusion-column-has-shadow fusion-flex-justify-content-flex-start fusion-content-layout-column\"><\/div><\/div><\/div><\/div><div class=\"fusion-fullwidth fullwidth-box fusion-builder-row-2 fusion-flex-container nonhundred-percent-fullwidth non-hundred-percent-height-scrolling\" style=\"--awb-border-radius-top-left:0px;--awb-border-radius-top-right:0px;--awb-border-radius-bottom-right:0px;--awb-border-radius-bottom-left:0px;--awb-flex-wrap:wrap;\" ><div class=\"fusion-builder-row fusion-row fusion-flex-align-items-flex-start fusion-flex-content-wrap\" style=\"max-width:1331.2px;margin-left: calc(-4% \/ 2 );margin-right: calc(-4% \/ 2 );\"><div class=\"fusion-layout-column fusion_builder_column fusion-builder-column-1 fusion_builder_column_1_2 1_2 fusion-flex-column\" style=\"--awb-padding-right:4%;--awb-padding-left:4%;--awb-bg-color:#8ac0de;--awb-bg-color-hover:#8ac0de;--awb-bg-size:cover;--awb-width-large:50%;--awb-margin-top-large:20px;--awb-spacing-right-large:3.84%;--awb-margin-bottom-large:20px;--awb-spacing-left-large:3.84%;--awb-width-medium:100%;--awb-order-medium:0;--awb-spacing-right-medium:1.92%;--awb-spacing-left-medium:1.92%;--awb-width-small:100%;--awb-order-small:0;--awb-spacing-right-small:1.92%;--awb-spacing-left-small:1.92%;\"><div class=\"fusion-column-wrapper fusion-column-has-shadow fusion-flex-justify-content-flex-start fusion-content-layout-block\"><div class=\"fusion-text fusion-text-1\" style=\"--awb-text-transform:none;\"><h3>Netzwerktreffen Sitzungsprotokolle<\/h3>\n<ul>\n<li><a href=\"https:\/\/muetterberatung-bl-bs.ch\/2\/wp-content\/uploads\/2024\/03\/Netzwerktreffen_Daten_2024.pdf\">Netzwerktreffen_Daten_2024<\/a><\/li>\n<li><a href=\"https:\/\/muetterberatung-bl-bs.ch\/2\/wp-content\/uploads\/2022\/10\/Netzwerktreffen_Daten_2023.pdf\">Netzwerktreffen_Daten_2023<\/a><\/li>\n<li><a href=\"https:\/\/muetterberatung-bl-bs.ch\/2\/wp-content\/uploads\/2022\/04\/Netzwerktreffen_Daten_2022.pdf\">Netzwerktreffen_Daten_2022<\/a><\/li>\n<li><a href=\"https:\/\/muetterberatung-bl-bs.ch\/2\/wp-content\/uploads\/2021\/04\/Netzwerktreffen_Daten_2021.pdf\">Netzwerktreffen_Daten_2021<\/a><\/li>\n<\/ul>\n<ul>\n<li><a href=\"https:\/\/muetterberatung-bl-bs.ch\/2\/wp-content\/uploads\/2024\/03\/Protokoll_Netzwerktreffen-07.03.2024.pdf\">Protokoll_Netzwerktreffen 07.03.2024<\/a><\/li>\n<li>2023_12_05: <a href=\"https:\/\/muetterberatung-bl-bs.ch\/2\/wp-content\/uploads\/2023\/12\/Protokoll_Netzwerktreffen-05.12.23.pdf\">Protokoll_Netzwerktreffen 05.12.23<\/a> \/ <a href=\"https:\/\/muetterberatung-bl-bs.ch\/2\/wp-content\/uploads\/2023\/12\/Studie-fruehe-Reinlichkeit.pdf\">Studie-fruehe-Reinlichkeit<\/a> \/\u00a0<a href=\"https:\/\/muetterberatung-bl-bs.ch\/2\/wp-content\/uploads\/2023\/12\/Fallanalyse-Einnaessen.pdf\">Fallanalyse Einna\u0308ssen \/ <\/a><a href=\"https:\/\/muetterberatung-bl-bs.ch\/2\/wp-content\/uploads\/2023\/12\/Praesentation-Abhalten-MVB.pptx\">Pr\u00e4sentation Abhalten MVB<\/a><\/li>\n<li>2023_09_04: <a href=\"https:\/\/muetterberatung-bl-bs.ch\/2\/wp-content\/uploads\/2023\/12\/Protokoll_Netzwerktreffen-4.9.23.pdf\">Protokoll_Netzwerktreffen 4.9.23 \/ <\/a>\u00a0<a href=\"https:\/\/muetterberatung-bl-bs.ch\/2\/wp-content\/uploads\/2023\/12\/Praesentation_MBRB_final_kurz.pptx\">Pr\u00e4sentation_MBRB_final_kurz<\/a><\/li>\n<li>2023_06_14:<a href=\"https:\/\/muetterberatung-bl-bs.ch\/2\/wp-content\/uploads\/2023\/06\/Protokoll_Netzwerktreffen-14.6.23.pdf\"> Protokoll_Netzwerktreffen 14.6.23 \/ <\/a><a href=\"https:\/\/muetterberatung-bl-bs.ch\/2\/wp-content\/uploads\/2023\/06\/Liste-HEKS-Vitalina-ikV-fuer-MVB.pdf\">Liste HEKS Vitalina-ikV f\u00fcr MVB \/ <\/a><a href=\"https:\/\/muetterberatung-bl-bs.ch\/2\/wp-content\/uploads\/2023\/06\/Mentimeter-Evaluation-MVB-VBLG.pdf\">Mentimeter-Evaluation MVB-VBLG \/ <\/a><a href=\"https:\/\/muetterberatung-bl-bs.ch\/2\/wp-content\/uploads\/2023\/06\/Mentimeter-Wuensche-fuer-die-MVB.pdf\">Mentimeter-W\u00fcnsche f\u00fcr die MVB \/ <\/a><a href=\"https:\/\/muetterberatung-bl-bs.ch\/2\/wp-content\/uploads\/2023\/06\/Merkblatt-ueber-die-Zusammenarbeit-MVB-und-HEKS-Vitalina.pdf\">Merkblatt \u00fcber die Zusammenarbeit MVB und HEKS Vitalina<\/a><\/li>\n<li>2023_03_14:<a href=\"https:\/\/muetterberatung-bl-bs.ch\/2\/wp-content\/uploads\/2023\/03\/Protokoll_Netzwerktreffen-14.3.23.pdf\"> Protokoll_Netzwerktreffen 14.3.23<\/a><\/li>\n<li>2022_12_06: <a href=\"https:\/\/muetterberatung-bl-bs.ch\/2\/wp-content\/uploads\/2023\/03\/Protokoll_Netzwerktreffen-06.12.2022.pdf\">Protokoll_Netzwerktreffen 06.12.2022<\/a> \/ <a href=\"https:\/\/muetterberatung-bl-bs.ch\/2\/wp-content\/uploads\/2023\/03\/06_Dezember_2022-VGD-Muetter-und-Vaeterberatung.pptx\">06_Dezember_2022 VGD M\u00fctter und V\u00e4terberatung<\/a><\/li>\n<li>2022_10_17: <a href=\"https:\/\/muetterberatung-bl-bs.ch\/2\/wp-content\/uploads\/2022\/10\/Protokoll_Netzwerktreffen-17.10.2022.pdf\">Protokoll_Netzwerktreffen 17.10.2022 \/ <\/a><a href=\"https:\/\/muetterberatung-bl-bs.ch\/2\/wp-content\/uploads\/2022\/10\/Dienstleistungen-Beratungsstelle-Oktober-22-RR.ppt\">Dienstleistungen Beratungsstelle Oktober 22 RR<\/a><\/li>\n<li>2022_08_17: <a href=\"https:\/\/muetterberatung-bl-bs.ch\/2\/wp-content\/uploads\/2022\/10\/Protokoll_Netzwerktreffen-17.08.2022.pdf\">Protokoll_Netzwerktreffen 17.08.2022<\/a><\/li>\n<li>2022_06_14:<a href=\"https:\/\/muetterberatung-bl-bs.ch\/2\/wp-content\/uploads\/2022\/06\/Protokoll_Netzwerktreffen-14.06.2022.pdf\"> Protokoll_Netzwerktreffen 14.06.2022<\/a><a href=\"https:\/\/muetterberatung-bl-bs.ch\/2\/wp-content\/uploads\/2022\/04\/Protokoll_Netzwerktreffen-13.4.2022.pdf\"> \/ <\/a><a href=\"https:\/\/muetterberatung-bl-bs.ch\/2\/wp-content\/uploads\/2022\/06\/Vorstellung-Trageschule-Sozialprojekt.pdf\">Vorstellung Trageschule-Sozialprojekt<\/a><\/li>\n<li>2022_ 04_13: <a href=\"https:\/\/muetterberatung-bl-bs.ch\/2\/wp-content\/uploads\/2022\/04\/Protokoll_Netzwerktreffen-13.4.2022.pdf\">Protokoll_Netzwerktreffen 13.4.2022<\/a> \/ <a href=\"https:\/\/muetterberatung-bl-bs.ch\/2\/wp-content\/uploads\/2022\/04\/VaeMueberatung_Buchstart_2022.pptx\">V\u00e4M\u00fcberatung_Buchstart_2022<\/a><\/li>\n<li>2022_02_22: <a href=\"https:\/\/muetterberatung-bl-bs.ch\/2\/wp-content\/uploads\/2022\/04\/Protokoll_Netzwerktreffen-22.2.22.pdf\">Protokoll_Netzwerktreffen 22.2.22<\/a><\/li>\n<li>2021_12_08: <a href=\"https:\/\/muetterberatung-bl-bs.ch\/2\/wp-content\/uploads\/2022\/04\/2021_12_08_Protokoll_Netzwerktreffen.pdf\">Protokoll_Netzwerktreffen<\/a><\/li>\n<li>2021_10_19: <a href=\"https:\/\/muetterberatung-bl-bs.ch\/2\/wp-content\/uploads\/2022\/04\/2021_10_19_Protokoll_Netzwerktreffen.pdf\">Protokoll_Netzwerktreffen<\/a><\/li>\n<li>2021_08_3: <a href=\"https:\/\/muetterberatung-bl-bs.ch\/2\/wp-content\/uploads\/2021\/09\/2021_08_30_Protokoll_Netzwerktreffen.pdf\">Protokoll_Netzwerktreffen<\/a><\/li>\n<li>2021_06_16: <a href=\"https:\/\/muetterberatung-bl-bs.ch\/2\/wp-content\/uploads\/2021\/06\/2021_06_16_Protokoll_Netzwerktreffen.pdf\">Protokoll_Netzwerktreffen<\/a><\/li>\n<li>2021_04_20: <a href=\"https:\/\/muetterberatung-bl-bs.ch\/2\/wp-content\/uploads\/2021\/04\/2021_04_20_Protokoll_Netzwerktreffen.pdf\">Protokoll Netzwerktreffen<\/a><\/li>\n<li>2021_02_08: <a href=\"https:\/\/muetterberatung-bl-bs.ch\/2\/wp-content\/uploads\/2021\/04\/2021_02_08_Protokoll_Netzwerktreffen.pdf\">Protokoll Netzwerktreffen<\/a><\/li>\n<li>2020_12_02: <a href=\"https:\/\/muetterberatung-bl-bs.ch\/2\/wp-content\/uploads\/2021\/04\/2020_12_02_Protokoll_Netzwerktreffen.docx.pdf\">Protokoll Netzwerktreffen<\/a><\/li>\n<li>2020_09_02: <a href=\"https:\/\/muetterberatung-bl-bs.ch\/2\/wp-content\/uploads\/2021\/04\/2020_09_02_ProtokollNetzwerktreffen.pdf\">Protokoll Netzwerktreffen<\/a><\/li>\n<li>2020_06_10: <a href=\"https:\/\/muetterberatung-bl-bs.ch\/2\/wp-content\/uploads\/2021\/04\/2020_06_10_ProtokollNetzwerktreffen.pdf\">Protokoll Netzwerktreffen<\/a><\/li>\n<li>2020_03_11: <a href=\"https:\/\/muetterberatung-bl-bs.ch\/2\/wp-content\/uploads\/2021\/04\/2020_03_11_ProtokollNetzwerktreffen-mit-Ergaenzungen.pdf\">Protokoll Netzwerktreffen <\/a><\/li>\n<li><a href=\"https:\/\/muetterberatung-bl-bs.ch\/2\/wp-content\/uploads\/2021\/04\/Video_Meeting_2020_05_05.pdf\">Video_Meeting_2020_05_05<\/a><\/li>\n<li><a href=\"https:\/\/muetterberatung-bl-bs.ch\/2\/wp-content\/uploads\/2021\/04\/Video_Meeting_2020_04_21.pdf\">Video_Meeting_2020_04_21<\/a><\/li>\n<li><a href=\"https:\/\/muetterberatung-bl-bs.ch\/2\/wp-content\/uploads\/2021\/04\/Video_Meeting_2020_04_14.pdf\">Video_Meeting_2020_04_14<\/a><\/li>\n<li><a href=\"https:\/\/muetterberatung-bl-bs.ch\/2\/wp-content\/uploads\/2021\/04\/Video_Meeting_2020_04_07.pdf\">Video_Meeting_2020_04_07<\/a><\/li>\n<li><a href=\"https:\/\/muetterberatung-bl-bs.ch\/2\/wp-content\/uploads\/2021\/04\/Video_Meeting_2020_04_01.pdf\">Video_Meeting_2020_04_01<\/a><\/li>\n<\/ul>\n<\/div><\/div><\/div><div class=\"fusion-layout-column fusion_builder_column fusion-builder-column-2 fusion_builder_column_1_2 1_2 fusion-flex-column\" style=\"--awb-padding-right:45px;--awb-padding-left:4%;--awb-bg-color:rgba(240,197,213,0.58);--awb-bg-color-hover:rgba(240,197,213,0.58);--awb-bg-size:cover;--awb-width-large:50%;--awb-margin-top-large:20px;--awb-spacing-right-large:3.84%;--awb-margin-bottom-large:20px;--awb-spacing-left-large:3.84%;--awb-width-medium:100%;--awb-order-medium:0;--awb-spacing-right-medium:1.92%;--awb-spacing-left-medium:1.92%;--awb-width-small:100%;--awb-order-small:0;--awb-spacing-right-small:1.92%;--awb-spacing-left-small:1.92%;\"><div class=\"fusion-column-wrapper fusion-column-has-shadow fusion-flex-justify-content-flex-start fusion-content-layout-block\"><div class=\"fusion-text fusion-text-2\"><h3>Videos\/Links von Kurzinformationen Netzwerktreffen<\/h3>\n<ul>\n<li><a href=\"https:\/\/muetterberatung-bl-bs.ch\/2\/wp-content\/uploads\/2021\/09\/AMIE_Flyer.pdf\">AMIE_Flyer \/ <\/a><a href=\"https:\/\/muetterberatung-bl-bs.ch\/2\/wp-content\/uploads\/2021\/09\/Pra\u0308sentation-AMIE-Basel.pdf\">Pra\u0308sentation AMIE Basel<\/a><\/li>\n<li><a href=\"https:\/\/muetterberatung-bl-bs.ch\/2\/wp-content\/uploads\/2021\/04\/Sandra_Lehner_MarteMeo.mp4\">Sandra_Lehner_MarteMeo<\/a><\/li>\n<li><a href=\"https:\/\/padlet.com\/fuehrungenkantonsbibliothek\/kleinkinder\" target=\"_blank\" rel=\"noopener noreferrer\">Medien Kantonsbibliothek<\/a><\/li>\n<li>Kinderzahn\u00e4rztlicher Dienst: Das Video ist leider zu gross. Bei Interesse direkt bei Denise anfragen.<\/li>\n<\/ul>\n<\/div><\/div><\/div><div class=\"fusion-layout-column fusion_builder_column fusion-builder-column-3 fusion_builder_column_1_1 1_1 fusion-flex-column\" style=\"--awb-padding-right:45px;--awb-padding-left:4%;--awb-bg-color:rgba(140,168,170,0.58);--awb-bg-color-hover:rgba(140,168,170,0.58);--awb-bg-size:cover;--awb-width-large:100%;--awb-margin-top-large:20px;--awb-spacing-right-large:1.92%;--awb-margin-bottom-large:20px;--awb-spacing-left-large:1.92%;--awb-width-medium:100%;--awb-order-medium:0;--awb-spacing-right-medium:1.92%;--awb-spacing-left-medium:1.92%;--awb-width-small:100%;--awb-order-small:0;--awb-spacing-right-small:1.92%;--awb-spacing-left-small:1.92%;\"><div class=\"fusion-column-wrapper fusion-column-has-shadow fusion-flex-justify-content-flex-start fusion-content-layout-block\"><div class=\"fusion-text fusion-text-3\" style=\"--awb-text-transform:none;\"><h3>Anleitung f\u00fcr Videotelefonie<\/h3>\n<ul>\n<li>Einf\u00fchrung<br \/>\n<iframe id=\"iframe_container\" src=\"https:\/\/prezi.com\/v\/embed\/vgflwcrausi0\/\" width=\"560\" height=\"315\" frameborder=\"0\" allowfullscreen=\"allowfullscreen\"><\/iframe><\/li>\n<li>Microsoft Teams <a href=\"https:\/\/www.microsoft.com\/de-ch\/microsoft-teams\/compare-microsoft-teams-options?market=ch&amp;activetab=pivot:primaryr1\">Microsoft Teams-Optionen vergleichen | Microsoft Teams<\/a><br \/>\n<iframe id=\"iframe_container\" src=\"https:\/\/prezi.com\/v\/embed\/hdtpwmzpssgu\/\" width=\"560\" height=\"315\" frameborder=\"0\" allowfullscreen=\"allowfullscreen\"><\/iframe><\/li>\n<li>Webex <a href=\"https:\/\/www.webex.com\/de\/pricing\/index.html\">Cisco Webex Pl\u00e4ne und-Preise<\/a><br \/>\n<iframe id=\"iframe_container\" src=\"https:\/\/prezi.com\/v\/embed\/mrf2lrqyrac7\/\" width=\"560\" height=\"315\" frameborder=\"0\" allowfullscreen=\"allowfullscreen\"><\/iframe><\/li>\n<li>Zoom <a href=\"https:\/\/zoom.us\/pricing\">Zoom Videokonferenzen Abos und Preise | Zoom &#8211; Zoom<\/a><br \/>\n<iframe id=\"iframe_container\" src=\"https:\/\/prezi.com\/v\/embed\/twxreorimri8\/\" width=\"560\" height=\"315\" frameborder=\"0\" allowfullscreen=\"allowfullscreen\"><\/iframe><\/li>\n<\/ul>\n<\/div><\/div><\/div><div class=\"fusion-layout-column fusion_builder_column fusion-builder-column-4 fusion_builder_column_1_2 1_2 fusion-flex-column\" style=\"--awb-padding-right:4%;--awb-padding-left:4%;--awb-bg-color:#c5d7c0;--awb-bg-color-hover:#c5d7c0;--awb-bg-size:cover;--awb-width-large:50%;--awb-margin-top-large:20px;--awb-spacing-right-large:3.84%;--awb-margin-bottom-large:20px;--awb-spacing-left-large:3.84%;--awb-width-medium:100%;--awb-order-medium:0;--awb-spacing-right-medium:1.92%;--awb-spacing-left-medium:1.92%;--awb-width-small:100%;--awb-order-small:0;--awb-spacing-right-small:1.92%;--awb-spacing-left-small:1.92%;\"><div class=\"fusion-column-wrapper fusion-column-has-shadow fusion-flex-justify-content-flex-start fusion-content-layout-block\"><div class=\"fusion-text fusion-text-4\"><h3>Leitfaden f\u00fcr die Zusammenarbeit mit der MVB<\/h3>\n<ul>\n<li><a href=\"https:\/\/muetterberatung-bl-bs.ch\/2\/wp-content\/uploads\/2021\/04\/200716_Zusammenarbeit-fpH-MVB-EB_definitiv_SD.pdf\">200716_Zusammenarbeit fpH-MVB-EB<\/a><\/li>\n<li><a href=\"https:\/\/muetterberatung-bl-bs.ch\/2\/wp-content\/uploads\/2021\/04\/2020_08_Zusammenarbeit-fBPFF-MVB.pdf\">2020_08_Zusammenarbeit fBPFF-MVB<\/a><\/li>\n<\/ul>\n<\/div><\/div><\/div><div class=\"fusion-layout-column fusion_builder_column fusion-builder-column-5 fusion_builder_column_1_2 1_2 fusion-flex-column\" style=\"--awb-padding-right:4%;--awb-padding-left:4%;--awb-bg-color:#f7dbc0;--awb-bg-color-hover:#f7dbc0;--awb-bg-size:cover;--awb-width-large:50%;--awb-margin-top-large:20px;--awb-spacing-right-large:3.84%;--awb-margin-bottom-large:20px;--awb-spacing-left-large:3.84%;--awb-width-medium:100%;--awb-order-medium:0;--awb-spacing-right-medium:1.92%;--awb-spacing-left-medium:1.92%;--awb-width-small:100%;--awb-order-small:0;--awb-spacing-right-small:1.92%;--awb-spacing-left-small:1.92%;\"><div class=\"fusion-column-wrapper fusion-column-has-shadow fusion-flex-justify-content-flex-start fusion-content-layout-block\"><div class=\"fusion-text fusion-text-5\"><h3>Aufbewahrungs- und L\u00f6schpflichten in der MVB<\/h3>\n<ul>\n<li><a href=\"https:\/\/muetterberatung-bl-bs.ch\/2\/wp-content\/uploads\/2021\/10\/archivierungsempfehlung_gemeinden_v1.pdf\">archivierungsempfehlung_gemeinden_v1<\/a><\/li>\n<li><a href=\"https:\/\/muetterberatung-bl-bs.ch\/2\/wp-content\/uploads\/2021\/10\/Ergaenzung-Staatsarchiv.docx\">Erg\u00e4nzung Staatsarchiv<\/a><\/li>\n<li><a href=\"https:\/\/muetterberatung-bl-bs.ch\/2\/wp-content\/uploads\/2021\/10\/Stellungnahme-ASD-2021-194.pdf\">Stellungnahme ASD 2021 194<\/a><\/li>\n<\/ul>\n<\/div><\/div><\/div><div class=\"fusion-layout-column fusion_builder_column fusion-builder-column-6 fusion_builder_column_1_2 1_2 fusion-flex-column\" style=\"--awb-padding-right:4%;--awb-padding-left:4%;--awb-bg-color:rgba(242,207,89,0.57);--awb-bg-color-hover:rgba(242,207,89,0.57);--awb-bg-size:cover;--awb-width-large:50%;--awb-margin-top-large:20px;--awb-spacing-right-large:3.84%;--awb-margin-bottom-large:20px;--awb-spacing-left-large:3.84%;--awb-width-medium:100%;--awb-order-medium:0;--awb-spacing-right-medium:1.92%;--awb-spacing-left-medium:1.92%;--awb-width-small:100%;--awb-order-small:0;--awb-spacing-right-small:1.92%;--awb-spacing-left-small:1.92%;\"><div class=\"fusion-column-wrapper fusion-column-has-shadow fusion-flex-justify-content-flex-start fusion-content-layout-block\"><div class=\"fusion-text fusion-text-6\"><h3 class=\"fusion-responsive-typography-calculated\" style=\"--fontsize: 40; line-height: 1.3;\" data-fontsize=\"40\" data-lineheight=\"52px\">Projekte\/Arbeitsgruppe mit Beteiligung der Koordinationsstelle<\/h3>\n<ul>\n<li>AG Zusammenarbeit freiberufliche Hebammen\/PFF &#8211; MVB<\/li>\n<li>AG Fr\u00fche Kindheit BL<\/li>\n<li>Projekt: Fr\u00fcherkennungsinstrument Kindesschutz<\/li>\n<li>Projekt: Elternhilfe beider Basel &#8211; Fonds<\/li>\n<li>Projekt: Vitalina<\/li>\n<li>Projekt: SRK Familienentlastung Gutscheine<\/li>\n<li>Projekt: B\u00fcndnis Psychische Gesundheit &#8211; Zusammenarbeit MVB<\/li>\n<li>Projekt: Parentu MVB BL<\/li>\n<li>Runder Tisch: Psychische Gesundheit w\u00e4hrend Corona<\/li>\n<li>Teil der Massnahme N3.6 der Steuergruppe Fr\u00fche F\u00f6rderung BL: L\u00fcckenlose Kette von Geburt bis Kindergarteneintritt verbessern<\/li>\n<\/ul>\n<\/div><\/div><\/div><\/div><\/div><\/p>\n","protected":false},"excerpt":{"rendered":"","protected":false},"author":1,"featured_media":0,"parent":2360,"menu_order":0,"comment_status":"closed","ping_status":"closed","template":"","meta":{"_monsterinsights_skip_tracking":false,"_monsterinsights_sitenote_active":false,"_monsterinsights_sitenote_note":"","_monsterinsights_sitenote_category":0,"footnotes":""},"class_list":["post-2363","page","type-page","status-publish","hentry"],"yoast_head":"<!-- This site is optimized with the Yoast SEO plugin v27.2 - https:\/\/yoast.com\/product\/yoast-seo-wordpress\/ -->\n<title>Netzwerkgruppe MVB BL\/SO &#8211; M\u00fctter- und V\u00e4terberatung BL<\/title>\n<meta name=\"robots\" content=\"index, follow, max-snippet:-1, max-image-preview:large, max-video-preview:-1\" \/>\n<link rel=\"canonical\" href=\"https:\/\/muetterberatung-bl-bs.ch\/2\/intern\/netzwerkgruppe-mvb-bl-so\/\" \/>\n<meta property=\"og:locale\" content=\"de_DE\" \/>\n<meta property=\"og:type\" content=\"article\" \/>\n<meta property=\"og:title\" content=\"Netzwerkgruppe MVB BL\/SO &#8211; M\u00fctter- und V\u00e4terberatung BL\" \/>\n<meta property=\"og:url\" content=\"https:\/\/muetterberatung-bl-bs.ch\/2\/intern\/netzwerkgruppe-mvb-bl-so\/\" \/>\n<meta property=\"og:site_name\" content=\"M\u00fctter- und V\u00e4terberatung BL\" \/>\n<meta property=\"article:modified_time\" content=\"2024-03-14T08:29:09+00:00\" \/>\n<meta name=\"twitter:card\" content=\"summary_large_image\" \/>\n<meta name=\"twitter:label1\" content=\"Gesch\u00e4tzte Lesezeit\" \/>\n\t<meta name=\"twitter:data1\" content=\"2\u00a0Minuten\" \/>\n<script type=\"application\/ld+json\" class=\"yoast-schema-graph\">{\"@context\":\"https:\/\/schema.org\",\"@graph\":[{\"@type\":\"WebPage\",\"@id\":\"https:\/\/muetterberatung-bl-bs.ch\/2\/intern\/netzwerkgruppe-mvb-bl-so\/\",\"url\":\"https:\/\/muetterberatung-bl-bs.ch\/2\/intern\/netzwerkgruppe-mvb-bl-so\/\",\"name\":\"Netzwerkgruppe MVB BL\/SO &#8211; M\u00fctter- und V\u00e4terberatung BL\",\"isPartOf\":{\"@id\":\"https:\/\/muetterberatung-bl-bs.ch\/2\/#website\"},\"datePublished\":\"2021-01-25T15:51:59+00:00\",\"dateModified\":\"2024-03-14T08:29:09+00:00\",\"breadcrumb\":{\"@id\":\"https:\/\/muetterberatung-bl-bs.ch\/2\/intern\/netzwerkgruppe-mvb-bl-so\/#breadcrumb\"},\"inLanguage\":\"de\",\"potentialAction\":[{\"@type\":\"ReadAction\",\"target\":[\"https:\/\/muetterberatung-bl-bs.ch\/2\/intern\/netzwerkgruppe-mvb-bl-so\/\"]}]},{\"@type\":\"BreadcrumbList\",\"@id\":\"https:\/\/muetterberatung-bl-bs.ch\/2\/intern\/netzwerkgruppe-mvb-bl-so\/#breadcrumb\",\"itemListElement\":[{\"@type\":\"ListItem\",\"position\":1,\"name\":\"Startseite\",\"item\":\"https:\/\/muetterberatung-bl-bs.ch\/2\/\"},{\"@type\":\"ListItem\",\"position\":2,\"name\":\"Intern\",\"item\":\"https:\/\/muetterberatung-bl-bs.ch\/2\/intern\/\"},{\"@type\":\"ListItem\",\"position\":3,\"name\":\"Netzwerkgruppe MVB BL\/SO\"}]},{\"@type\":\"WebSite\",\"@id\":\"https:\/\/muetterberatung-bl-bs.ch\/2\/#website\",\"url\":\"https:\/\/muetterberatung-bl-bs.ch\/2\/\",\"name\":\"M\u00fctter- und V\u00e4terberatung BL\",\"description\":\"\",\"publisher\":{\"@id\":\"https:\/\/muetterberatung-bl-bs.ch\/2\/#organization\"},\"potentialAction\":[{\"@type\":\"SearchAction\",\"target\":{\"@type\":\"EntryPoint\",\"urlTemplate\":\"https:\/\/muetterberatung-bl-bs.ch\/2\/?s={search_term_string}\"},\"query-input\":{\"@type\":\"PropertyValueSpecification\",\"valueRequired\":true,\"valueName\":\"search_term_string\"}}],\"inLanguage\":\"de\"},{\"@type\":\"Organization\",\"@id\":\"https:\/\/muetterberatung-bl-bs.ch\/2\/#organization\",\"name\":\"M\u00fctter- und V\u00e4terberatung BL\",\"url\":\"https:\/\/muetterberatung-bl-bs.ch\/2\/\",\"logo\":{\"@type\":\"ImageObject\",\"inLanguage\":\"de\",\"@id\":\"https:\/\/muetterberatung-bl-bs.ch\/2\/#\/schema\/logo\/image\/\",\"url\":\"https:\/\/muetterberatung-bl-bs.ch\/2\/wp-content\/uploads\/2020\/11\/MV_Beratung_Logo_rgb.svg\",\"contentUrl\":\"https:\/\/muetterberatung-bl-bs.ch\/2\/wp-content\/uploads\/2020\/11\/MV_Beratung_Logo_rgb.svg\",\"width\":191,\"height\":65,\"caption\":\"M\u00fctter- und V\u00e4terberatung BL\"},\"image\":{\"@id\":\"https:\/\/muetterberatung-bl-bs.ch\/2\/#\/schema\/logo\/image\/\"}}]}<\/script>\n<!-- \/ Yoast SEO plugin. -->","yoast_head_json":{"title":"Netzwerkgruppe MVB BL\/SO &#8211; M\u00fctter- und V\u00e4terberatung BL","robots":{"index":"index","follow":"follow","max-snippet":"max-snippet:-1","max-image-preview":"max-image-preview:large","max-video-preview":"max-video-preview:-1"},"canonical":"https:\/\/muetterberatung-bl-bs.ch\/2\/intern\/netzwerkgruppe-mvb-bl-so\/","og_locale":"de_DE","og_type":"article","og_title":"Netzwerkgruppe MVB BL\/SO &#8211; M\u00fctter- und V\u00e4terberatung BL","og_url":"https:\/\/muetterberatung-bl-bs.ch\/2\/intern\/netzwerkgruppe-mvb-bl-so\/","og_site_name":"M\u00fctter- und V\u00e4terberatung BL","article_modified_time":"2024-03-14T08:29:09+00:00","twitter_card":"summary_large_image","twitter_misc":{"Gesch\u00e4tzte Lesezeit":"2\u00a0Minuten"},"schema":{"@context":"https:\/\/schema.org","@graph":[{"@type":"WebPage","@id":"https:\/\/muetterberatung-bl-bs.ch\/2\/intern\/netzwerkgruppe-mvb-bl-so\/","url":"https:\/\/muetterberatung-bl-bs.ch\/2\/intern\/netzwerkgruppe-mvb-bl-so\/","name":"Netzwerkgruppe MVB BL\/SO &#8211; M\u00fctter- und V\u00e4terberatung BL","isPartOf":{"@id":"https:\/\/muetterberatung-bl-bs.ch\/2\/#website"},"datePublished":"2021-01-25T15:51:59+00:00","dateModified":"2024-03-14T08:29:09+00:00","breadcrumb":{"@id":"https:\/\/muetterberatung-bl-bs.ch\/2\/intern\/netzwerkgruppe-mvb-bl-so\/#breadcrumb"},"inLanguage":"de","potentialAction":[{"@type":"ReadAction","target":["https:\/\/muetterberatung-bl-bs.ch\/2\/intern\/netzwerkgruppe-mvb-bl-so\/"]}]},{"@type":"BreadcrumbList","@id":"https:\/\/muetterberatung-bl-bs.ch\/2\/intern\/netzwerkgruppe-mvb-bl-so\/#breadcrumb","itemListElement":[{"@type":"ListItem","position":1,"name":"Startseite","item":"https:\/\/muetterberatung-bl-bs.ch\/2\/"},{"@type":"ListItem","position":2,"name":"Intern","item":"https:\/\/muetterberatung-bl-bs.ch\/2\/intern\/"},{"@type":"ListItem","position":3,"name":"Netzwerkgruppe MVB BL\/SO"}]},{"@type":"WebSite","@id":"https:\/\/muetterberatung-bl-bs.ch\/2\/#website","url":"https:\/\/muetterberatung-bl-bs.ch\/2\/","name":"M\u00fctter- und V\u00e4terberatung BL","description":"","publisher":{"@id":"https:\/\/muetterberatung-bl-bs.ch\/2\/#organization"},"potentialAction":[{"@type":"SearchAction","target":{"@type":"EntryPoint","urlTemplate":"https:\/\/muetterberatung-bl-bs.ch\/2\/?s={search_term_string}"},"query-input":{"@type":"PropertyValueSpecification","valueRequired":true,"valueName":"search_term_string"}}],"inLanguage":"de"},{"@type":"Organization","@id":"https:\/\/muetterberatung-bl-bs.ch\/2\/#organization","name":"M\u00fctter- und V\u00e4terberatung BL","url":"https:\/\/muetterberatung-bl-bs.ch\/2\/","logo":{"@type":"ImageObject","inLanguage":"de","@id":"https:\/\/muetterberatung-bl-bs.ch\/2\/#\/schema\/logo\/image\/","url":"https:\/\/muetterberatung-bl-bs.ch\/2\/wp-content\/uploads\/2020\/11\/MV_Beratung_Logo_rgb.svg","contentUrl":"https:\/\/muetterberatung-bl-bs.ch\/2\/wp-content\/uploads\/2020\/11\/MV_Beratung_Logo_rgb.svg","width":191,"height":65,"caption":"M\u00fctter- und V\u00e4terberatung BL"},"image":{"@id":"https:\/\/muetterberatung-bl-bs.ch\/2\/#\/schema\/logo\/image\/"}}]}},"_links":{"self":[{"href":"https:\/\/muetterberatung-bl-bs.ch\/2\/wp-json\/wp\/v2\/pages\/2363","targetHints":{"allow":["GET"]}}],"collection":[{"href":"https:\/\/muetterberatung-bl-bs.ch\/2\/wp-json\/wp\/v2\/pages"}],"about":[{"href":"https:\/\/muetterberatung-bl-bs.ch\/2\/wp-json\/wp\/v2\/types\/page"}],"author":[{"embeddable":true,"href":"https:\/\/muetterberatung-bl-bs.ch\/2\/wp-json\/wp\/v2\/users\/1"}],"replies":[{"embeddable":true,"href":"https:\/\/muetterberatung-bl-bs.ch\/2\/wp-json\/wp\/v2\/comments?post=2363"}],"version-history":[{"count":0,"href":"https:\/\/muetterberatung-bl-bs.ch\/2\/wp-json\/wp\/v2\/pages\/2363\/revisions"}],"up":[{"embeddable":true,"href":"https:\/\/muetterberatung-bl-bs.ch\/2\/wp-json\/wp\/v2\/pages\/2360"}],"wp:attachment":[{"href":"https:\/\/muetterberatung-bl-bs.ch\/2\/wp-json\/wp\/v2\/media?parent=2363"}],"curies":[{"name":"wp","href":"https:\/\/api.w.org\/{rel}","templated":true}]}}