{"id":2390,"date":"2021-01-25T17:05:40","date_gmt":"2021-01-25T16:05:40","guid":{"rendered":"https:\/\/muetterberatung-bl-bs.ch\/2\/?page_id=2390"},"modified":"2023-09-20T08:35:56","modified_gmt":"2023-09-20T06:35:56","slug":"mvb4-informationen","status":"publish","type":"page","link":"https:\/\/muetterberatung-bl-bs.ch\/2\/intern\/mvb4-informationen\/","title":{"rendered":"MVB4 Informationen"},"content":{"rendered":"<p><div class=\"fusion-fullwidth fullwidth-box fusion-builder-row-1 fusion-flex-container nonhundred-percent-fullwidth non-hundred-percent-height-scrolling\" style=\"--awb-border-radius-top-left:0px;--awb-border-radius-top-right:0px;--awb-border-radius-bottom-right:0px;--awb-border-radius-bottom-left:0px;--awb-flex-wrap:wrap;\" ><div class=\"fusion-builder-row fusion-row fusion-flex-align-items-flex-start fusion-flex-content-wrap\" style=\"max-width:1331.2px;margin-left: calc(-4% \/ 2 );margin-right: calc(-4% \/ 2 );\"><div class=\"fusion-layout-column fusion_builder_column fusion-builder-column-0 fusion_builder_column_1_2 1_2 fusion-flex-column\" style=\"--awb-padding-right:4%;--awb-padding-left:4%;--awb-bg-color:#c5d7c0;--awb-bg-color-hover:#c5d7c0;--awb-bg-size:cover;--awb-width-large:50%;--awb-margin-top-large:20px;--awb-spacing-right-large:3.84%;--awb-margin-bottom-large:20px;--awb-spacing-left-large:3.84%;--awb-width-medium:100%;--awb-order-medium:0;--awb-spacing-right-medium:1.92%;--awb-spacing-left-medium:1.92%;--awb-width-small:100%;--awb-order-small:0;--awb-spacing-right-small:1.92%;--awb-spacing-left-small:1.92%;\"><div class=\"fusion-column-wrapper fusion-column-has-shadow fusion-flex-justify-content-flex-start fusion-content-layout-block\"><div class=\"fusion-text fusion-text-1\" style=\"--awb-text-transform:none;\"><h3 class=\"fusion-responsive-typography-calculated\" style=\"--fontsize: 40; line-height: 1.3;\" data-fontsize=\"40\" data-lineheight=\"52px\"><big>Unterlagen f\u00fcr die einheitliche Nutzung von MVB4<\/big><\/h3>\n<ul>\n<li><span style=\"color: #ff0000;\"><strong>NEU: <a href=\"https:\/\/muetterberatung-bl-bs.ch\/2\/wp-content\/uploads\/2021\/09\/Weiterbildung-MVB4.pptx\">Weiterbildung MVB4_2021<\/a><br \/>\n<\/strong><\/span><\/li>\n<li><a href=\"https:\/\/muetterberatung-bl-bs.ch\/2\/wp-content\/uploads\/2021\/09\/Zusammenfassung-Weiterbildung-2021.docx.pdf\"><span style=\"color: #ff0000;\"><strong>NEU:<\/strong><\/span> Zusammenfassung Weiterbildung 2021.docx<\/a><\/li>\n<li><a href=\"https:\/\/muetterberatung-bl-bs.ch\/2\/wp-content\/uploads\/2022\/02\/Datenerfassung-fuer-die-Statistik-Baselland.pdf\"><strong>Datenerfassung f\u00fcr die Statistik Baselland<\/strong><\/a> 2021 &#8211; neu mit Statistikkreis<\/li>\n<\/ul>\n<ul>\n<li><a href=\"https:\/\/muetterberatung-bl-bs.ch\/2\/wp-content\/uploads\/2021\/04\/November2020_Intake-Prozess.vsdx_.pdf\">November 2020_Intake Prozess<\/a><\/li>\n<\/ul>\n<ul>\n<li><a href=\"https:\/\/muetterberatung-bl-bs.ch\/2\/wp-content\/uploads\/2021\/04\/2020_April_Anpassungen-Controlling-Listen-1.pdf\">2020_April_Anpassungen Controlling Listen<\/a><\/li>\n<li><a href=\"https:\/\/muetterberatung-bl-bs.ch\/2\/wp-content\/uploads\/2021\/04\/Reihenfolge_Export_MVB4_Taetigkeiten.xlsx\">Reihenfolge_Export_MVB4_T\u00e4tigkeiten<\/a><\/li>\n<li><a href=\"https:\/\/muetterberatung-bl-bs.ch\/2\/wp-content\/uploads\/2021\/04\/NEU_2020_April_Controlling-Taetigkeiten.xlsx\">NEU_2020_April_Controlling T\u00e4tigkeiten<\/a><\/li>\n<\/ul>\n<ul>\n<li><a href=\"https:\/\/muetterberatung-bl-bs.ch\/2\/wp-content\/uploads\/2021\/04\/MVB3_1_Erst-Kontakt-1.docx\">MVB3_1_Erst-Kontakt<\/a><\/li>\n<li><a href=\"https:\/\/muetterberatung-bl-bs.ch\/2\/wp-content\/uploads\/2021\/04\/NEU_MVB3_2_Beratung-1.docx\">MVB3_2_Beratung<\/a><\/li>\n<li><a style=\"font-family: var(--body_typography-font-family); font-size: var(--body_typography-font-size); font-style: var(--body_typography-font-style,normal); font-weight: var(--body_typography-font-weight); letter-spacing: var(--body_typography-letter-spacing);\" href=\"https:\/\/muetterberatung-bl-bs.ch\/2\/wp-content\/uploads\/2021\/04\/NEU_MVB3_3_Administration-1.docx\">MVB3_3_Administration<\/a><\/li>\n<li><a href=\"https:\/\/muetterberatung-bl-bs.ch\/2\/wp-content\/uploads\/2021\/04\/MVB3_4_Vernetzung-1.docx\">MVB3_4_Vernetzung<\/a><a href=\"https:\/\/muetterberatung-bl-bs.ch\/2\/wp-content\/uploads\/2021\/04\/MVB3_1_Erst-Kontakt-1.docx\">-Kontakt<\/a><\/li>\n<li><a href=\"https:\/\/muetterberatung-bl-bs.ch\/2\/wp-content\/uploads\/2021\/04\/MVB3_5_Externe-Auftraege-1.docx\">MVB3_5_Externe Auftr\u00e4ge<\/a><\/li>\n<\/ul>\n<ul>\n<li><a href=\"https:\/\/muetterberatung-bl-bs.ch\/2\/wp-content\/uploads\/2021\/04\/Anleitung-MVB4-SuperUser-Basel-Landschaft.pdf\">Anleitung MVB4 SuperUser Basel-Landschaft<\/a><\/li>\n<li><a href=\"https:\/\/muetterberatung-bl-bs.ch\/2\/wp-content\/uploads\/2021\/04\/Anleitung-MVB4-User-Basel-Landschaft.docx.pdf\">Anleitung MVB4 User Basel-Landschaft<\/a><\/li>\n<li><span style=\"color: #ff0000;\">Neu: <a href=\"https:\/\/muetterberatung-bl-bs.ch\/2\/wp-content\/uploads\/2021\/07\/2021_07_27_Adress-und-Setupdaten-1.docx\">Adress- und Setupdaten<\/a><\/span><\/li>\n<\/ul>\n<\/div><\/div><\/div><div class=\"fusion-layout-column fusion_builder_column fusion-builder-column-1 fusion_builder_column_1_2 1_2 fusion-flex-column\" style=\"--awb-padding-right:4%;--awb-padding-left:4%;--awb-bg-color:#8ac0de;--awb-bg-color-hover:#8ac0de;--awb-bg-size:cover;--awb-width-large:50%;--awb-margin-top-large:20px;--awb-spacing-right-large:3.84%;--awb-margin-bottom-large:20px;--awb-spacing-left-large:3.84%;--awb-width-medium:100%;--awb-order-medium:0;--awb-spacing-right-medium:1.92%;--awb-spacing-left-medium:1.92%;--awb-width-small:100%;--awb-order-small:0;--awb-spacing-right-small:1.92%;--awb-spacing-left-small:1.92%;\"><div class=\"fusion-column-wrapper fusion-column-has-shadow fusion-flex-justify-content-flex-start fusion-content-layout-block\"><div class=\"fusion-text fusion-text-2\"><h3>Anleitungsfilme<strong><br \/>\n<\/strong><\/h3>\n<ul>\n<li><a href=\"https:\/\/muetterberatung-bl-bs.ch\/2\/wp-content\/uploads\/2021\/04\/Anleitung-Statistik-BL.7z\">Anleitung Statistik BL<\/a><\/li>\n<li><a href=\"https:\/\/prezi.com\/v\/to74l6bnzxaq\/\">Pr\u00e4sentation Intakeprozess<\/a><\/li>\n<li><a href=\"https:\/\/prezi.com\/view\/rERkYUFb8eX87Z3bmHYE\/\">Film Intakeprozess<\/a><\/li>\n<li><a href=\"https:\/\/muetterberatung-bl-bs.ch\/2\/wp-content\/uploads\/2021\/04\/Anleitung_MVB4_Kategorienanpassungen-1.mp4\">Anleitung_MVB4_Kategorienanpassungen<\/a><\/li>\n<li><a href=\"https:\/\/muetterberatung-bl-bs.ch\/2\/wp-content\/uploads\/2021\/04\/Kontrolling-aus-Vorlage_Ton.mp4\">Controlling-aus-Vorlage_Ton<\/a><\/li>\n<li><a href=\"https:\/\/muetterberatung-bl-bs.ch\/2\/wp-content\/uploads\/2021\/04\/Kontrolling_Ta\u0308tigkeiten_Vorlage_erstellen_Ton.mp4\">Controlling_Ta\u0308tigkeiten_Vorlage_erstellen_Ton<\/a><\/li>\n<li><a href=\"https:\/\/muetterberatung-bl-bs.ch\/2\/wp-content\/uploads\/2021\/04\/Kontrolling-aus-Vorlage_Ton-1.mp4\">Controlling-aus-Vorlage_Ton<\/a><\/li>\n<\/ul>\n<\/div><\/div><\/div><\/div><\/div><div class=\"fusion-fullwidth fullwidth-box fusion-builder-row-2 fusion-flex-container nonhundred-percent-fullwidth non-hundred-percent-height-scrolling\" style=\"--awb-border-radius-top-left:0px;--awb-border-radius-top-right:0px;--awb-border-radius-bottom-right:0px;--awb-border-radius-bottom-left:0px;--awb-flex-wrap:wrap;\" ><div class=\"fusion-builder-row fusion-row fusion-flex-align-items-flex-start fusion-flex-content-wrap\" style=\"max-width:1331.2px;margin-left: calc(-4% \/ 2 );margin-right: calc(-4% \/ 2 );\"><div class=\"fusion-layout-column fusion_builder_column fusion-builder-column-2 fusion_builder_column_1_1 1_1 fusion-flex-column\" style=\"--awb-padding-right:4%;--awb-padding-left:4%;--awb-bg-color:rgba(242,207,89,0.62);--awb-bg-color-hover:rgba(242,207,89,0.62);--awb-bg-size:cover;--awb-width-large:100%;--awb-margin-top-large:20px;--awb-spacing-right-large:1.92%;--awb-margin-bottom-large:20px;--awb-spacing-left-large:1.92%;--awb-width-medium:100%;--awb-order-medium:0;--awb-spacing-right-medium:1.92%;--awb-spacing-left-medium:1.92%;--awb-width-small:100%;--awb-order-small:0;--awb-spacing-right-small:1.92%;--awb-spacing-left-small:1.92%;\"><div class=\"fusion-column-wrapper fusion-column-has-shadow fusion-flex-justify-content-flex-start fusion-content-layout-block\"><div class=\"fusion-title title fusion-title-1 fusion-sep-none fusion-title-text fusion-title-size-two\" style=\"--awb-margin-top-small:20px;--awb-margin-right-small:0px;--awb-margin-bottom-small:10px;--awb-margin-left-small:0px;\"><h2 class=\"fusion-title-heading title-heading-left fusion-responsive-typography-calculated\" style=\"margin:0;--fontSize:58;line-height:1.18;\">News<\/h2><\/div><div class=\"fusion-text fusion-text-3\"><div class=\"page_content_wrap scheme_default\">\n<div class=\"content_wrap\">\n<div class=\"content\">\n<article id=\"post-1622\" class=\"post_item_single post_type_page post-1622 page type-page status-publish post-password-protected hentry\">\n<div class=\"post_content entry-content\">\n<p><strong>Dezember 2020<br \/>\n<\/strong>Der Intakeprozess wurde nochmals um einen Abzweigung erg\u00e4nzt (Siehe oben bei den Dokumenten).<br \/>\nGrunds\u00e4tzlich stellt sich bei der Kontaktaufnahme die Frage, ob ich die Familie als erstes Telefonisch kontaktieren w\u00fcrde. Wenn aber keine Telefonnummer vorhanden ist, ich den Schritt mit dem Brief mache. Als Erstkontakt kann in diesem Falle \u201ekeine Telefonnummer\u201c eingegeben werden.<br \/>\nAnsonsten bleibt der Prozess so bestehen \u2013 auch die Durschnittszeit von 20 Minuten.<strong><br \/>\n<\/strong><\/p>\n<p><strong>September 2020<\/strong><br \/>\nDer Intakeprozess wurde mit der Begleitgruppe erarbeitet. Dieser sollte sp\u00e4testens ab dem 01.01.2021 umgesetzt werden. Eine Evaluation der ersten Anwendungen erfolgt beim n\u00e4chsten Netzwerktreffen im November.<\/p>\n<p><strong>14. April 2020<br \/>\n<\/strong>Die Controlling Liste f\u00fcr T\u00e4tigkeiten wurde angepasst. Weniger Spalten und gelbe Felder reduziert. Dazu gibt es eine kurze Anleitung, wie der Export angepasst werden muss. Die Dupletten-Liste bleibt gleich. Alle Listen sind oben rot markiert zum Download bereit<\/p>\n<p><strong>11. Februar 2020<br \/>\n<\/strong>Die Filme f\u00fcr die Superuser sind nun auch vertont (rot markiert)<br \/>\nIch empfehle euch zuerst die richtigen Excel Listen in einen neuen Ordner zu kopieren (oben Rot markiert) und da eure Kontrollinglisten abzulegen.<br \/>\nDanach den Vorgang wie im Video zuerst mit den Vorlagen zu erstellen. Habt ihr die Vorlagen einmal erstellt, k\u00f6nnt ihr danach direkt den Export \u00fcber die Vorlagen machen (Video 3)<\/p>\n<p>Bei den Vorlagen erstellen ist es wichtig, die Reihenfolge wie in den Excellisten beim Vorlagen erstellen einzuhalten (Spalte 1 = 1. Feld dass ihr anklickt usw.)<br \/>\nEntweder \u00f6ffnet ihr die Exceltabelle und das MVB Programm in 2 separaten \u201eFenstern\u201c oder ihr druckt euch die Excel Liste aus und legt sie neben den Computer und gebt dann der Reihe nach alle Vorgaben ein.<\/p>\n<p>Ich hoffe, die Vertonung hilft euch jetzt besser weiter.<\/p>\n<p><strong>Diverse Infos\/Fragen<\/strong><\/p>\n<ul>\n<li>Abendberatung bei Terminstart ab 18.00 Uhr<\/li>\n<li>Gruppenberatungen am Abend (nach 18.00 Uhr siehe oben) werden unter Abendberatung 2_f eingeben (weil ich es wichtiger finde, die Abendberatungen auszuweisen gegen\u00fcber den Gemeinden, als die Gruppenberatung). Abrechnung zeitlich wie bei einer Gruppe (Gesamt-Arbeitszeit durch Anzahl Kinder)<\/li>\n<\/ul>\n<p>Zudem weitere Antworten auf eure Fragen<\/p>\n<ul>\n<li><strong>Wenn ich versuche eine Familie als Erstkontakt telefonisch zu erreichen und auf den Telefonbeantworter der Familie spreche, gibt das dann ein 2g Kurznachrichtenberatung?<\/strong><br \/>\nNein, ich w\u00fcrde es bei \u00abErstkontakt \u2013 Telefonisch nicht erreicht\u00bb belassen. Du hast ja nicht beraten. \u2013&gt; \u00a0beim erstellen des Intake-Prozesses, den wir in der Begleitgruppe bald erarbeiten werden, wird das dann genau noch definiert<\/li>\n<li><strong>Wir schreiben jeweils im Stammblatt unter \u201ezu beachten\u201c , wann und von wo wir die Geburtsmeldung bekommen haben und anschliessend auch die Daten der telefonischen Versuche, um einen Erstkontakt herzustellen. Im MVB4 erscheint nun aber all dies in Historie unter zu beachten. Dort geh\u00f6rt es wohl kaum hin, oder? K\u00f6nnen wir dies individuell l\u00f6sen?<\/strong><br \/>\nDer Vorschlag von Sonja war so, das unter \u00abzu beachten\u00bb so zu schreiben und zu l\u00f6schen wenn der Intake Prozess abgeschlossen ist.<\/li>\n<\/ul>\n<p><strong>21. Januar 2020<br \/>\n<\/strong><a href=\"https:\/\/muetterberatung-bl-bs.ch\/2\/wp-content\/uploads\/2021\/01\/2020_01_21_Informationen_MVB4.docx\" target=\"_blank\" rel=\"noopener\">siehe Anhang<\/a><\/p>\n<p><strong>07. Januar 2020<br \/>\n<\/strong><a href=\"https:\/\/muetterberatung-bl-bs.ch\/2\/wp-content\/uploads\/2021\/01\/2020_01_07_Informationen_MVB4.docx\" target=\"_blank\" rel=\"noopener\">siehe Anhang<\/a><strong><br \/>\n<\/strong>Erfassung Terminvereinbarung\u00a0<a href=\"https:\/\/muetterberatung-bl-bs.ch\/2\/wp-content\/uploads\/2021\/01\/Terminvereinbarungen.xlsx\" target=\"_blank\" rel=\"noopener\">Terminvereinbarungen<\/a><\/p>\n<p><strong>17. Dezember 2019<br \/>\n<\/strong>Antwort Sonja Sch\u00e4r: \u201eDu kannst das genannte Feld l\u00f6schen, indem du dort aktiv nochmals eine Auswahl triffst (egal was). Danach kannst du die Delete-Taste dr\u00fccken und das Feld ist dann leer. Es funktioniert nur wenn du es direkt nach der erneuten Auswahl machst, ohne eine weitere Taste zu dr\u00fccken oder mit der Maus etwas anklickst.\u201c<\/p>\n<p><img decoding=\"async\" class=\"alignnone wp-image-2425 size-full\" src=\"https:\/\/muetterberatung-bl-bs.ch\/2\/wp-content\/uploads\/2021\/01\/Anleitung_2019-12-17.png\" alt=\"\" width=\"536\" height=\"140\" srcset=\"https:\/\/muetterberatung-bl-bs.ch\/2\/wp-content\/uploads\/2021\/01\/Anleitung_2019-12-17-200x52.png 200w, https:\/\/muetterberatung-bl-bs.ch\/2\/wp-content\/uploads\/2021\/01\/Anleitung_2019-12-17-300x78.png 300w, https:\/\/muetterberatung-bl-bs.ch\/2\/wp-content\/uploads\/2021\/01\/Anleitung_2019-12-17-400x104.png 400w, https:\/\/muetterberatung-bl-bs.ch\/2\/wp-content\/uploads\/2021\/01\/Anleitung_2019-12-17.png 536w\" sizes=\"(max-width: 536px) 100vw, 536px\" \/><\/p>\n<p><strong>Updates auf MVB4 Version 046<\/strong><br \/>\n<a href=\"http:\/\/nbusch.net\/download\/MVB4_Update_400046.zip\">http:\/\/nbusch.net\/download\/MVB4_Update_400046.zip<\/a><br \/>\n<a href=\"https:\/\/muetterberatung-bl-bs.ch\/2\/wp-content\/uploads\/2021\/01\/MVB4-Automatisches-Update.pdf\" target=\"_blank\" rel=\"noopener\">MVB4 Automatisches Update<\/a><\/p>\n<p><strong>10. Dezember 2019<\/strong><br \/>\nAnpassung der Anleitung und Adress- und Setup Daten. Versand per Mail an Alle<br \/>\nAbkl\u00e4rungen mit Herrn Busch laufen noch.<\/p>\n<\/div>\n<\/article>\n<\/div>\n<\/div>\n<\/div>\n<\/div><\/div><\/div><\/div><\/div><\/p>\n","protected":false},"excerpt":{"rendered":"","protected":false},"author":1,"featured_media":0,"parent":2360,"menu_order":0,"comment_status":"closed","ping_status":"closed","template":"","meta":{"_monsterinsights_skip_tracking":false,"_monsterinsights_sitenote_active":false,"_monsterinsights_sitenote_note":"","_monsterinsights_sitenote_category":0,"footnotes":""},"class_list":["post-2390","page","type-page","status-publish","hentry"],"yoast_head":"<!-- This site is optimized with the Yoast SEO plugin v27.2 - https:\/\/yoast.com\/product\/yoast-seo-wordpress\/ -->\n<title>MVB4 Informationen &#8211; M\u00fctter- und V\u00e4terberatung BL<\/title>\n<meta name=\"robots\" content=\"index, follow, max-snippet:-1, max-image-preview:large, max-video-preview:-1\" \/>\n<link rel=\"canonical\" href=\"https:\/\/muetterberatung-bl-bs.ch\/2\/intern\/mvb4-informationen\/\" \/>\n<meta property=\"og:locale\" content=\"de_DE\" \/>\n<meta property=\"og:type\" content=\"article\" \/>\n<meta property=\"og:title\" content=\"MVB4 Informationen &#8211; M\u00fctter- und V\u00e4terberatung BL\" \/>\n<meta property=\"og:url\" content=\"https:\/\/muetterberatung-bl-bs.ch\/2\/intern\/mvb4-informationen\/\" \/>\n<meta property=\"og:site_name\" content=\"M\u00fctter- und V\u00e4terberatung BL\" \/>\n<meta property=\"article:modified_time\" content=\"2023-09-20T06:35:56+00:00\" \/>\n<meta property=\"og:image\" content=\"https:\/\/muetterberatung-bl-bs.ch\/2\/wp-content\/uploads\/2021\/01\/Anleitung_2019-12-17.png\" \/>\n<meta name=\"twitter:card\" content=\"summary_large_image\" \/>\n<meta name=\"twitter:label1\" content=\"Gesch\u00e4tzte Lesezeit\" \/>\n\t<meta name=\"twitter:data1\" content=\"6\u00a0Minuten\" \/>\n<script type=\"application\/ld+json\" class=\"yoast-schema-graph\">{\"@context\":\"https:\/\/schema.org\",\"@graph\":[{\"@type\":\"WebPage\",\"@id\":\"https:\/\/muetterberatung-bl-bs.ch\/2\/intern\/mvb4-informationen\/\",\"url\":\"https:\/\/muetterberatung-bl-bs.ch\/2\/intern\/mvb4-informationen\/\",\"name\":\"MVB4 Informationen &#8211; M\u00fctter- und V\u00e4terberatung BL\",\"isPartOf\":{\"@id\":\"https:\/\/muetterberatung-bl-bs.ch\/2\/#website\"},\"primaryImageOfPage\":{\"@id\":\"https:\/\/muetterberatung-bl-bs.ch\/2\/intern\/mvb4-informationen\/#primaryimage\"},\"image\":{\"@id\":\"https:\/\/muetterberatung-bl-bs.ch\/2\/intern\/mvb4-informationen\/#primaryimage\"},\"thumbnailUrl\":\"https:\/\/muetterberatung-bl-bs.ch\/2\/wp-content\/uploads\/2021\/01\/Anleitung_2019-12-17.png\",\"datePublished\":\"2021-01-25T16:05:40+00:00\",\"dateModified\":\"2023-09-20T06:35:56+00:00\",\"breadcrumb\":{\"@id\":\"https:\/\/muetterberatung-bl-bs.ch\/2\/intern\/mvb4-informationen\/#breadcrumb\"},\"inLanguage\":\"de\",\"potentialAction\":[{\"@type\":\"ReadAction\",\"target\":[\"https:\/\/muetterberatung-bl-bs.ch\/2\/intern\/mvb4-informationen\/\"]}]},{\"@type\":\"ImageObject\",\"inLanguage\":\"de\",\"@id\":\"https:\/\/muetterberatung-bl-bs.ch\/2\/intern\/mvb4-informationen\/#primaryimage\",\"url\":\"https:\/\/muetterberatung-bl-bs.ch\/2\/wp-content\/uploads\/2021\/01\/Anleitung_2019-12-17.png\",\"contentUrl\":\"https:\/\/muetterberatung-bl-bs.ch\/2\/wp-content\/uploads\/2021\/01\/Anleitung_2019-12-17.png\",\"width\":536,\"height\":140},{\"@type\":\"BreadcrumbList\",\"@id\":\"https:\/\/muetterberatung-bl-bs.ch\/2\/intern\/mvb4-informationen\/#breadcrumb\",\"itemListElement\":[{\"@type\":\"ListItem\",\"position\":1,\"name\":\"Startseite\",\"item\":\"https:\/\/muetterberatung-bl-bs.ch\/2\/\"},{\"@type\":\"ListItem\",\"position\":2,\"name\":\"Intern\",\"item\":\"https:\/\/muetterberatung-bl-bs.ch\/2\/intern\/\"},{\"@type\":\"ListItem\",\"position\":3,\"name\":\"MVB4 Informationen\"}]},{\"@type\":\"WebSite\",\"@id\":\"https:\/\/muetterberatung-bl-bs.ch\/2\/#website\",\"url\":\"https:\/\/muetterberatung-bl-bs.ch\/2\/\",\"name\":\"M\u00fctter- und V\u00e4terberatung BL\",\"description\":\"\",\"publisher\":{\"@id\":\"https:\/\/muetterberatung-bl-bs.ch\/2\/#organization\"},\"potentialAction\":[{\"@type\":\"SearchAction\",\"target\":{\"@type\":\"EntryPoint\",\"urlTemplate\":\"https:\/\/muetterberatung-bl-bs.ch\/2\/?s={search_term_string}\"},\"query-input\":{\"@type\":\"PropertyValueSpecification\",\"valueRequired\":true,\"valueName\":\"search_term_string\"}}],\"inLanguage\":\"de\"},{\"@type\":\"Organization\",\"@id\":\"https:\/\/muetterberatung-bl-bs.ch\/2\/#organization\",\"name\":\"M\u00fctter- und V\u00e4terberatung BL\",\"url\":\"https:\/\/muetterberatung-bl-bs.ch\/2\/\",\"logo\":{\"@type\":\"ImageObject\",\"inLanguage\":\"de\",\"@id\":\"https:\/\/muetterberatung-bl-bs.ch\/2\/#\/schema\/logo\/image\/\",\"url\":\"https:\/\/muetterberatung-bl-bs.ch\/2\/wp-content\/uploads\/2020\/11\/MV_Beratung_Logo_rgb.svg\",\"contentUrl\":\"https:\/\/muetterberatung-bl-bs.ch\/2\/wp-content\/uploads\/2020\/11\/MV_Beratung_Logo_rgb.svg\",\"width\":191,\"height\":65,\"caption\":\"M\u00fctter- und V\u00e4terberatung BL\"},\"image\":{\"@id\":\"https:\/\/muetterberatung-bl-bs.ch\/2\/#\/schema\/logo\/image\/\"}}]}<\/script>\n<!-- \/ Yoast SEO plugin. -->","yoast_head_json":{"title":"MVB4 Informationen &#8211; M\u00fctter- und V\u00e4terberatung BL","robots":{"index":"index","follow":"follow","max-snippet":"max-snippet:-1","max-image-preview":"max-image-preview:large","max-video-preview":"max-video-preview:-1"},"canonical":"https:\/\/muetterberatung-bl-bs.ch\/2\/intern\/mvb4-informationen\/","og_locale":"de_DE","og_type":"article","og_title":"MVB4 Informationen &#8211; M\u00fctter- und V\u00e4terberatung BL","og_url":"https:\/\/muetterberatung-bl-bs.ch\/2\/intern\/mvb4-informationen\/","og_site_name":"M\u00fctter- und V\u00e4terberatung BL","article_modified_time":"2023-09-20T06:35:56+00:00","og_image":[{"url":"https:\/\/muetterberatung-bl-bs.ch\/2\/wp-content\/uploads\/2021\/01\/Anleitung_2019-12-17.png","type":"","width":"","height":""}],"twitter_card":"summary_large_image","twitter_misc":{"Gesch\u00e4tzte Lesezeit":"6\u00a0Minuten"},"schema":{"@context":"https:\/\/schema.org","@graph":[{"@type":"WebPage","@id":"https:\/\/muetterberatung-bl-bs.ch\/2\/intern\/mvb4-informationen\/","url":"https:\/\/muetterberatung-bl-bs.ch\/2\/intern\/mvb4-informationen\/","name":"MVB4 Informationen &#8211; M\u00fctter- und V\u00e4terberatung BL","isPartOf":{"@id":"https:\/\/muetterberatung-bl-bs.ch\/2\/#website"},"primaryImageOfPage":{"@id":"https:\/\/muetterberatung-bl-bs.ch\/2\/intern\/mvb4-informationen\/#primaryimage"},"image":{"@id":"https:\/\/muetterberatung-bl-bs.ch\/2\/intern\/mvb4-informationen\/#primaryimage"},"thumbnailUrl":"https:\/\/muetterberatung-bl-bs.ch\/2\/wp-content\/uploads\/2021\/01\/Anleitung_2019-12-17.png","datePublished":"2021-01-25T16:05:40+00:00","dateModified":"2023-09-20T06:35:56+00:00","breadcrumb":{"@id":"https:\/\/muetterberatung-bl-bs.ch\/2\/intern\/mvb4-informationen\/#breadcrumb"},"inLanguage":"de","potentialAction":[{"@type":"ReadAction","target":["https:\/\/muetterberatung-bl-bs.ch\/2\/intern\/mvb4-informationen\/"]}]},{"@type":"ImageObject","inLanguage":"de","@id":"https:\/\/muetterberatung-bl-bs.ch\/2\/intern\/mvb4-informationen\/#primaryimage","url":"https:\/\/muetterberatung-bl-bs.ch\/2\/wp-content\/uploads\/2021\/01\/Anleitung_2019-12-17.png","contentUrl":"https:\/\/muetterberatung-bl-bs.ch\/2\/wp-content\/uploads\/2021\/01\/Anleitung_2019-12-17.png","width":536,"height":140},{"@type":"BreadcrumbList","@id":"https:\/\/muetterberatung-bl-bs.ch\/2\/intern\/mvb4-informationen\/#breadcrumb","itemListElement":[{"@type":"ListItem","position":1,"name":"Startseite","item":"https:\/\/muetterberatung-bl-bs.ch\/2\/"},{"@type":"ListItem","position":2,"name":"Intern","item":"https:\/\/muetterberatung-bl-bs.ch\/2\/intern\/"},{"@type":"ListItem","position":3,"name":"MVB4 Informationen"}]},{"@type":"WebSite","@id":"https:\/\/muetterberatung-bl-bs.ch\/2\/#website","url":"https:\/\/muetterberatung-bl-bs.ch\/2\/","name":"M\u00fctter- und V\u00e4terberatung BL","description":"","publisher":{"@id":"https:\/\/muetterberatung-bl-bs.ch\/2\/#organization"},"potentialAction":[{"@type":"SearchAction","target":{"@type":"EntryPoint","urlTemplate":"https:\/\/muetterberatung-bl-bs.ch\/2\/?s={search_term_string}"},"query-input":{"@type":"PropertyValueSpecification","valueRequired":true,"valueName":"search_term_string"}}],"inLanguage":"de"},{"@type":"Organization","@id":"https:\/\/muetterberatung-bl-bs.ch\/2\/#organization","name":"M\u00fctter- und V\u00e4terberatung BL","url":"https:\/\/muetterberatung-bl-bs.ch\/2\/","logo":{"@type":"ImageObject","inLanguage":"de","@id":"https:\/\/muetterberatung-bl-bs.ch\/2\/#\/schema\/logo\/image\/","url":"https:\/\/muetterberatung-bl-bs.ch\/2\/wp-content\/uploads\/2020\/11\/MV_Beratung_Logo_rgb.svg","contentUrl":"https:\/\/muetterberatung-bl-bs.ch\/2\/wp-content\/uploads\/2020\/11\/MV_Beratung_Logo_rgb.svg","width":191,"height":65,"caption":"M\u00fctter- und V\u00e4terberatung BL"},"image":{"@id":"https:\/\/muetterberatung-bl-bs.ch\/2\/#\/schema\/logo\/image\/"}}]}},"_links":{"self":[{"href":"https:\/\/muetterberatung-bl-bs.ch\/2\/wp-json\/wp\/v2\/pages\/2390","targetHints":{"allow":["GET"]}}],"collection":[{"href":"https:\/\/muetterberatung-bl-bs.ch\/2\/wp-json\/wp\/v2\/pages"}],"about":[{"href":"https:\/\/muetterberatung-bl-bs.ch\/2\/wp-json\/wp\/v2\/types\/page"}],"author":[{"embeddable":true,"href":"https:\/\/muetterberatung-bl-bs.ch\/2\/wp-json\/wp\/v2\/users\/1"}],"replies":[{"embeddable":true,"href":"https:\/\/muetterberatung-bl-bs.ch\/2\/wp-json\/wp\/v2\/comments?post=2390"}],"version-history":[{"count":0,"href":"https:\/\/muetterberatung-bl-bs.ch\/2\/wp-json\/wp\/v2\/pages\/2390\/revisions"}],"up":[{"embeddable":true,"href":"https:\/\/muetterberatung-bl-bs.ch\/2\/wp-json\/wp\/v2\/pages\/2360"}],"wp:attachment":[{"href":"https:\/\/muetterberatung-bl-bs.ch\/2\/wp-json\/wp\/v2\/media?parent=2390"}],"curies":[{"name":"wp","href":"https:\/\/api.w.org\/{rel}","templated":true}]}}