{"id":2456,"date":"2021-01-26T10:46:15","date_gmt":"2021-01-26T09:46:15","guid":{"rendered":"https:\/\/muetterberatung-bl-bs.ch\/2\/?page_id=2456"},"modified":"2023-09-20T08:35:56","modified_gmt":"2023-09-20T06:35:56","slug":"weiterbildungen","status":"publish","type":"page","link":"https:\/\/muetterberatung-bl-bs.ch\/2\/intern\/weiterbildungen\/","title":{"rendered":"Weiterbildungen"},"content":{"rendered":"<div class=\"fusion-fullwidth fullwidth-box fusion-builder-row-1 fusion-flex-container nonhundred-percent-fullwidth non-hundred-percent-height-scrolling\" style=\"--awb-border-radius-top-left:0px;--awb-border-radius-top-right:0px;--awb-border-radius-bottom-right:0px;--awb-border-radius-bottom-left:0px;--awb-flex-wrap:wrap;\" ><div class=\"fusion-builder-row fusion-row fusion-flex-align-items-flex-start fusion-flex-content-wrap\" style=\"max-width:1331.2px;margin-left: calc(-4% \/ 2 );margin-right: calc(-4% \/ 2 );\"><div class=\"fusion-layout-column fusion_builder_column fusion-builder-column-0 fusion_builder_column_1_3 1_3 fusion-flex-column\" style=\"--awb-padding-right:4%;--awb-padding-left:4%;--awb-bg-color:rgba(158,107,85,0.53);--awb-bg-color-hover:rgba(158,107,85,0.53);--awb-bg-size:cover;--awb-width-large:33.333333333333%;--awb-margin-top-large:20px;--awb-spacing-right-large:5.76%;--awb-margin-bottom-large:20px;--awb-spacing-left-large:5.76%;--awb-width-medium:100%;--awb-order-medium:0;--awb-spacing-right-medium:1.92%;--awb-spacing-left-medium:1.92%;--awb-width-small:100%;--awb-order-small:0;--awb-spacing-right-small:1.92%;--awb-spacing-left-small:1.92%;\"><div class=\"fusion-column-wrapper fusion-column-has-shadow fusion-flex-justify-content-flex-start fusion-content-layout-block\"><div class=\"fusion-text fusion-text-1\"><p><span style=\"font-family: Shadows Into Light, Arial, Helvetica, sans-serif;\"><span style=\"font-size: 40px;\">SF MVB<\/span><\/span><\/p>\n<ul>\n<li><b>Fachtagung 24.-25. M\u00e4rz 2022<\/b><\/li>\n<\/ul>\n<\/div><\/div><\/div><div class=\"fusion-layout-column fusion_builder_column fusion-builder-column-1 fusion_builder_column_1_3 1_3 fusion-flex-column\" style=\"--awb-padding-right:4%;--awb-padding-left:4%;--awb-bg-color:#f8ca9d;--awb-bg-color-hover:#f8ca9d;--awb-bg-size:cover;--awb-width-large:33.333333333333%;--awb-margin-top-large:20px;--awb-spacing-right-large:5.76%;--awb-margin-bottom-large:20px;--awb-spacing-left-large:5.76%;--awb-width-medium:100%;--awb-order-medium:0;--awb-spacing-right-medium:1.92%;--awb-spacing-left-medium:1.92%;--awb-width-small:100%;--awb-order-small:0;--awb-spacing-right-small:1.92%;--awb-spacing-left-small:1.92%;\"><div class=\"fusion-column-wrapper fusion-column-has-shadow fusion-flex-justify-content-flex-start fusion-content-layout-block\"><div class=\"fusion-text fusion-text-2\"><h3>Fachbereich Fr\u00fche Kindheit<\/h3>\n<ul>\n<li><a href=\"https:\/\/app1.edoobox.com\/GefoeBL\/Fr%C3%BChe%20Kindheit\/Veranstaltung.ed.5f5b7011c1e6_4930809510.Fachtagung%20Fr%C3%BChe%20Kindheit%20Baselland?edref=GefoeBL\">Fachtagung Fr\u00fche Kindheit Baselland &#8211; Amt f\u00fcr Gesundheit (edoobox.com)<\/a><\/li>\n<\/ul>\n<\/div><\/div><\/div><div class=\"fusion-layout-column fusion_builder_column fusion-builder-column-2 fusion_builder_column_1_3 1_3 fusion-flex-column\" style=\"--awb-padding-right:4%;--awb-padding-left:4%;--awb-bg-color:#b8d5dd;--awb-bg-color-hover:#b8d5dd;--awb-bg-size:cover;--awb-width-large:33.333333333333%;--awb-margin-top-large:20px;--awb-spacing-right-large:5.76%;--awb-margin-bottom-large:20px;--awb-spacing-left-large:5.76%;--awb-width-medium:100%;--awb-order-medium:0;--awb-spacing-right-medium:1.92%;--awb-spacing-left-medium:1.92%;--awb-width-small:100%;--awb-order-small:0;--awb-spacing-right-small:1.92%;--awb-spacing-left-small:1.92%;\"><div class=\"fusion-column-wrapper fusion-column-has-shadow fusion-flex-justify-content-flex-start fusion-content-layout-block\"><div class=\"fusion-text fusion-text-3\"><h3>Hebammenverband Beider Basel<\/h3>\n<ul>\n<li><a href=\"https:\/\/muetterberatung-bl-bs.ch\/2\/wp-content\/uploads\/2021\/11\/EinladungWB20.1.2022-002.pdf\">Jahresweiterbildung_20. Januar 2022<\/a><\/li>\n<\/ul>\n<\/div><\/div><\/div><div class=\"fusion-layout-column fusion_builder_column fusion-builder-column-3 fusion_builder_column_1_3 1_3 fusion-flex-column\" style=\"--awb-padding-right:4%;--awb-padding-left:4%;--awb-bg-color:#c5d7c0;--awb-bg-color-hover:#c5d7c0;--awb-bg-size:cover;--awb-width-large:33.333333333333%;--awb-margin-top-large:20px;--awb-spacing-right-large:5.76%;--awb-margin-bottom-large:20px;--awb-spacing-left-large:5.76%;--awb-width-medium:100%;--awb-order-medium:0;--awb-spacing-right-medium:1.92%;--awb-spacing-left-medium:1.92%;--awb-width-small:100%;--awb-order-small:0;--awb-spacing-right-small:1.92%;--awb-spacing-left-small:1.92%;\"><div class=\"fusion-column-wrapper fusion-column-has-shadow fusion-flex-justify-content-flex-start fusion-content-layout-block\"><div class=\"fusion-text fusion-text-4\"><h3 class=\"fusion-responsive-typography-calculated\" style=\"--fontsize: 40; line-height: 1.3;\" data-fontsize=\"40\" data-lineheight=\"52px\">Babytragen f\u00fcr Fachpersonen<\/h3>\n<ul>\n<li><b>Samstag 25. Juni 2022 Laufen<br \/>\n<\/b><a href=\"https:\/\/ftzbabytragen.ch\/unser-angebot\/item\/21-fortbildung-fachpersonal-pflege.html\">www.ftzbabytragen.ch<\/a><br \/>\n<a style=\"font-family: var(--body_typography-font-family); font-size: var(--body_typography-font-size); font-style: var(--body_typography-font-style,normal); font-weight: var(--body_typography-font-weight); letter-spacing: var(--body_typography-letter-spacing);\" href=\"https:\/\/www.e-log.ch\/agenda?p_p_id=sbelogagendaportlet_WAR_sbelogagendaportlet_INSTANCE_vXRxVsQ83C0f&amp;p_p_lifecycle=0&amp;p_p_state=maximized&amp;p_p_mode=view&amp;p_p_col_id=column-1&amp;p_p_col_count=2&amp;_sbelogagendaportlet_WAR_sbelogagendaportlet_INSTANCE_vXRxVsQ83C0f_agendaTitle=Babytragen+f%C3%BCr+Fachpersonen+-+Tragetuch+und+Tragehilfen&amp;_sbelogagendaportlet_WAR_sbelogagendaportlet_INSTANCE_vXRxVsQ83C0f_agendaEntryId=ee0341a5-8ebf-4f47-9c5a-c2079c162e6c&amp;_sbelogagendaportlet_WAR_sbelogagendaportlet_INSTANCE_vXRxVsQ83C0f__facesViewIdRender=%2FWEB-INF%2Fviews%2FagendaDetailView.xhtml\">Agenda &#8211; e-log (e-log.ch)<\/a><\/li>\n<\/ul>\n<\/div><\/div><\/div><div class=\"fusion-layout-column fusion_builder_column fusion-builder-column-4 fusion_builder_column_1_3 1_3 fusion-flex-column\" style=\"--awb-padding-right:4%;--awb-padding-left:4%;--awb-bg-color:rgba(242,207,89,0.57);--awb-bg-color-hover:rgba(242,207,89,0.57);--awb-bg-size:cover;--awb-width-large:33.333333333333%;--awb-margin-top-large:20px;--awb-spacing-right-large:5.76%;--awb-margin-bottom-large:20px;--awb-spacing-left-large:5.76%;--awb-width-medium:100%;--awb-order-medium:0;--awb-spacing-right-medium:1.92%;--awb-spacing-left-medium:1.92%;--awb-width-small:100%;--awb-order-small:0;--awb-spacing-right-small:1.92%;--awb-spacing-left-small:1.92%;\"><div class=\"fusion-column-wrapper fusion-column-has-shadow fusion-flex-justify-content-flex-start fusion-content-layout-block\"><div class=\"fusion-text fusion-text-5\"><h3>Diverse<\/h3>\n<ul>\n<li><strong>FHNW &#8211; Soziale Arbeit<br \/>\n<\/strong><a href=\"https:\/\/www.fhnw.ch\/de\/weiterbildung\/soziale-arbeit\/fachseminare\">Fachseminare | FHNW<\/a><\/li>\n<li><strong>Schweizerische Stiftung f\u00fcr Suchthilfe<\/strong><br \/>\n<a href=\"https:\/\/www.aebi-hus.ch\/\">aebi-hus \u2013 Schweiz. Stiftung f\u00fcr Suchthilfe, Bern (aebi-hus.ch)<\/a><\/li>\n<li><strong>STEP Kursleiterin<\/strong> Grundmodul:\u00a0 22.- 25. September und 17. &#8211; 19. November 2021, Z\u00fcrich<br \/>\n<a href=\"http:\/\/www.instep-online.ch\/\">instep-online.ch<\/a><\/li>\n<li><strong>Jubil\u00e4umstagung <\/strong><em><strong>\u00abAuf dem Weg zu Learning Communities in Fr\u00fchf\u00f6rderung, Logop\u00e4die und Schule\u00bb<\/strong><br \/>\n<a href=\"https:\/\/muetterberatung-bl-bs.ch\/2\/wp-content\/uploads\/2021\/06\/Werbebrief.pdf\">Werbebrief<\/a> \/\u00a0<a href=\"https:\/\/muetterberatung-bl-bs.ch\/2\/wp-content\/uploads\/2021\/06\/Programm-50-Jahre-ISP.pdf\">Programm 50 Jahre ISP<\/a> \/\u00a0<a href=\"https:\/\/muetterberatung-bl-bs.ch\/2\/wp-content\/uploads\/2021\/06\/Flyer-50-Jahre-ISP.pdf\">Flyer 50 Jahre ISP<\/a><\/em><\/li>\n<li><strong>GAIMH Jahrestagung 2022 Potsdam<\/strong><br \/>\n<a href=\"https:\/\/www.gaimh.org\/jahrestagung-potsdam-2022.html\">Jahrestagung Potsdam 2022 &#8211; GAIMH<\/a><\/li>\n<\/ul>\n<\/div><\/div><\/div><div class=\"fusion-layout-column fusion_builder_column fusion-builder-column-5 fusion_builder_column_1_3 1_3 fusion-flex-column\" style=\"--awb-padding-right:4%;--awb-padding-left:4%;--awb-bg-color:#f0c5d5;--awb-bg-color-hover:#f0c5d5;--awb-bg-size:cover;--awb-width-large:33.333333333333%;--awb-margin-top-large:20px;--awb-spacing-right-large:5.76%;--awb-margin-bottom-large:20px;--awb-spacing-left-large:5.76%;--awb-width-medium:100%;--awb-order-medium:0;--awb-spacing-right-medium:1.92%;--awb-spacing-left-medium:1.92%;--awb-width-small:100%;--awb-order-small:0;--awb-spacing-right-small:1.92%;--awb-spacing-left-small:1.92%;\"><div class=\"fusion-column-wrapper fusion-column-has-shadow fusion-flex-justify-content-flex-start fusion-content-layout-block\"><\/div><\/div><\/div><\/div>\n","protected":false},"excerpt":{"rendered":"","protected":false},"author":1,"featured_media":0,"parent":2360,"menu_order":0,"comment_status":"closed","ping_status":"closed","template":"","meta":{"_monsterinsights_skip_tracking":false,"_monsterinsights_sitenote_active":false,"_monsterinsights_sitenote_note":"","_monsterinsights_sitenote_category":0,"footnotes":""},"class_list":["post-2456","page","type-page","status-publish","hentry"],"yoast_head":"<!-- This site is optimized with the Yoast SEO plugin v27.2 - https:\/\/yoast.com\/product\/yoast-seo-wordpress\/ -->\n<title>Weiterbildungen &#8211; M\u00fctter- und V\u00e4terberatung BL<\/title>\n<meta name=\"robots\" content=\"index, follow, max-snippet:-1, max-image-preview:large, max-video-preview:-1\" \/>\n<link rel=\"canonical\" href=\"https:\/\/muetterberatung-bl-bs.ch\/2\/intern\/weiterbildungen\/\" \/>\n<meta property=\"og:locale\" content=\"de_DE\" \/>\n<meta property=\"og:type\" content=\"article\" \/>\n<meta property=\"og:title\" content=\"Weiterbildungen &#8211; M\u00fctter- und V\u00e4terberatung BL\" \/>\n<meta property=\"og:url\" content=\"https:\/\/muetterberatung-bl-bs.ch\/2\/intern\/weiterbildungen\/\" \/>\n<meta property=\"og:site_name\" content=\"M\u00fctter- und V\u00e4terberatung BL\" \/>\n<meta property=\"article:modified_time\" content=\"2023-09-20T06:35:56+00:00\" \/>\n<meta name=\"twitter:card\" content=\"summary_large_image\" \/>\n<meta name=\"twitter:label1\" content=\"Gesch\u00e4tzte Lesezeit\" \/>\n\t<meta name=\"twitter:data1\" content=\"2\u00a0Minuten\" \/>\n<script type=\"application\/ld+json\" class=\"yoast-schema-graph\">{\"@context\":\"https:\/\/schema.org\",\"@graph\":[{\"@type\":\"WebPage\",\"@id\":\"https:\/\/muetterberatung-bl-bs.ch\/2\/intern\/weiterbildungen\/\",\"url\":\"https:\/\/muetterberatung-bl-bs.ch\/2\/intern\/weiterbildungen\/\",\"name\":\"Weiterbildungen &#8211; M\u00fctter- und V\u00e4terberatung BL\",\"isPartOf\":{\"@id\":\"https:\/\/muetterberatung-bl-bs.ch\/2\/#website\"},\"datePublished\":\"2021-01-26T09:46:15+00:00\",\"dateModified\":\"2023-09-20T06:35:56+00:00\",\"breadcrumb\":{\"@id\":\"https:\/\/muetterberatung-bl-bs.ch\/2\/intern\/weiterbildungen\/#breadcrumb\"},\"inLanguage\":\"de\",\"potentialAction\":[{\"@type\":\"ReadAction\",\"target\":[\"https:\/\/muetterberatung-bl-bs.ch\/2\/intern\/weiterbildungen\/\"]}]},{\"@type\":\"BreadcrumbList\",\"@id\":\"https:\/\/muetterberatung-bl-bs.ch\/2\/intern\/weiterbildungen\/#breadcrumb\",\"itemListElement\":[{\"@type\":\"ListItem\",\"position\":1,\"name\":\"Startseite\",\"item\":\"https:\/\/muetterberatung-bl-bs.ch\/2\/\"},{\"@type\":\"ListItem\",\"position\":2,\"name\":\"Intern\",\"item\":\"https:\/\/muetterberatung-bl-bs.ch\/2\/intern\/\"},{\"@type\":\"ListItem\",\"position\":3,\"name\":\"Weiterbildungen\"}]},{\"@type\":\"WebSite\",\"@id\":\"https:\/\/muetterberatung-bl-bs.ch\/2\/#website\",\"url\":\"https:\/\/muetterberatung-bl-bs.ch\/2\/\",\"name\":\"M\u00fctter- und V\u00e4terberatung BL\",\"description\":\"\",\"publisher\":{\"@id\":\"https:\/\/muetterberatung-bl-bs.ch\/2\/#organization\"},\"potentialAction\":[{\"@type\":\"SearchAction\",\"target\":{\"@type\":\"EntryPoint\",\"urlTemplate\":\"https:\/\/muetterberatung-bl-bs.ch\/2\/?s={search_term_string}\"},\"query-input\":{\"@type\":\"PropertyValueSpecification\",\"valueRequired\":true,\"valueName\":\"search_term_string\"}}],\"inLanguage\":\"de\"},{\"@type\":\"Organization\",\"@id\":\"https:\/\/muetterberatung-bl-bs.ch\/2\/#organization\",\"name\":\"M\u00fctter- und V\u00e4terberatung BL\",\"url\":\"https:\/\/muetterberatung-bl-bs.ch\/2\/\",\"logo\":{\"@type\":\"ImageObject\",\"inLanguage\":\"de\",\"@id\":\"https:\/\/muetterberatung-bl-bs.ch\/2\/#\/schema\/logo\/image\/\",\"url\":\"https:\/\/muetterberatung-bl-bs.ch\/2\/wp-content\/uploads\/2020\/11\/MV_Beratung_Logo_rgb.svg\",\"contentUrl\":\"https:\/\/muetterberatung-bl-bs.ch\/2\/wp-content\/uploads\/2020\/11\/MV_Beratung_Logo_rgb.svg\",\"width\":191,\"height\":65,\"caption\":\"M\u00fctter- und V\u00e4terberatung BL\"},\"image\":{\"@id\":\"https:\/\/muetterberatung-bl-bs.ch\/2\/#\/schema\/logo\/image\/\"}}]}<\/script>\n<!-- \/ Yoast SEO plugin. -->","yoast_head_json":{"title":"Weiterbildungen &#8211; M\u00fctter- und V\u00e4terberatung BL","robots":{"index":"index","follow":"follow","max-snippet":"max-snippet:-1","max-image-preview":"max-image-preview:large","max-video-preview":"max-video-preview:-1"},"canonical":"https:\/\/muetterberatung-bl-bs.ch\/2\/intern\/weiterbildungen\/","og_locale":"de_DE","og_type":"article","og_title":"Weiterbildungen &#8211; M\u00fctter- und V\u00e4terberatung BL","og_url":"https:\/\/muetterberatung-bl-bs.ch\/2\/intern\/weiterbildungen\/","og_site_name":"M\u00fctter- und V\u00e4terberatung BL","article_modified_time":"2023-09-20T06:35:56+00:00","twitter_card":"summary_large_image","twitter_misc":{"Gesch\u00e4tzte Lesezeit":"2\u00a0Minuten"},"schema":{"@context":"https:\/\/schema.org","@graph":[{"@type":"WebPage","@id":"https:\/\/muetterberatung-bl-bs.ch\/2\/intern\/weiterbildungen\/","url":"https:\/\/muetterberatung-bl-bs.ch\/2\/intern\/weiterbildungen\/","name":"Weiterbildungen &#8211; M\u00fctter- und V\u00e4terberatung BL","isPartOf":{"@id":"https:\/\/muetterberatung-bl-bs.ch\/2\/#website"},"datePublished":"2021-01-26T09:46:15+00:00","dateModified":"2023-09-20T06:35:56+00:00","breadcrumb":{"@id":"https:\/\/muetterberatung-bl-bs.ch\/2\/intern\/weiterbildungen\/#breadcrumb"},"inLanguage":"de","potentialAction":[{"@type":"ReadAction","target":["https:\/\/muetterberatung-bl-bs.ch\/2\/intern\/weiterbildungen\/"]}]},{"@type":"BreadcrumbList","@id":"https:\/\/muetterberatung-bl-bs.ch\/2\/intern\/weiterbildungen\/#breadcrumb","itemListElement":[{"@type":"ListItem","position":1,"name":"Startseite","item":"https:\/\/muetterberatung-bl-bs.ch\/2\/"},{"@type":"ListItem","position":2,"name":"Intern","item":"https:\/\/muetterberatung-bl-bs.ch\/2\/intern\/"},{"@type":"ListItem","position":3,"name":"Weiterbildungen"}]},{"@type":"WebSite","@id":"https:\/\/muetterberatung-bl-bs.ch\/2\/#website","url":"https:\/\/muetterberatung-bl-bs.ch\/2\/","name":"M\u00fctter- und V\u00e4terberatung BL","description":"","publisher":{"@id":"https:\/\/muetterberatung-bl-bs.ch\/2\/#organization"},"potentialAction":[{"@type":"SearchAction","target":{"@type":"EntryPoint","urlTemplate":"https:\/\/muetterberatung-bl-bs.ch\/2\/?s={search_term_string}"},"query-input":{"@type":"PropertyValueSpecification","valueRequired":true,"valueName":"search_term_string"}}],"inLanguage":"de"},{"@type":"Organization","@id":"https:\/\/muetterberatung-bl-bs.ch\/2\/#organization","name":"M\u00fctter- und V\u00e4terberatung BL","url":"https:\/\/muetterberatung-bl-bs.ch\/2\/","logo":{"@type":"ImageObject","inLanguage":"de","@id":"https:\/\/muetterberatung-bl-bs.ch\/2\/#\/schema\/logo\/image\/","url":"https:\/\/muetterberatung-bl-bs.ch\/2\/wp-content\/uploads\/2020\/11\/MV_Beratung_Logo_rgb.svg","contentUrl":"https:\/\/muetterberatung-bl-bs.ch\/2\/wp-content\/uploads\/2020\/11\/MV_Beratung_Logo_rgb.svg","width":191,"height":65,"caption":"M\u00fctter- und V\u00e4terberatung BL"},"image":{"@id":"https:\/\/muetterberatung-bl-bs.ch\/2\/#\/schema\/logo\/image\/"}}]}},"_links":{"self":[{"href":"https:\/\/muetterberatung-bl-bs.ch\/2\/wp-json\/wp\/v2\/pages\/2456","targetHints":{"allow":["GET"]}}],"collection":[{"href":"https:\/\/muetterberatung-bl-bs.ch\/2\/wp-json\/wp\/v2\/pages"}],"about":[{"href":"https:\/\/muetterberatung-bl-bs.ch\/2\/wp-json\/wp\/v2\/types\/page"}],"author":[{"embeddable":true,"href":"https:\/\/muetterberatung-bl-bs.ch\/2\/wp-json\/wp\/v2\/users\/1"}],"replies":[{"embeddable":true,"href":"https:\/\/muetterberatung-bl-bs.ch\/2\/wp-json\/wp\/v2\/comments?post=2456"}],"version-history":[{"count":0,"href":"https:\/\/muetterberatung-bl-bs.ch\/2\/wp-json\/wp\/v2\/pages\/2456\/revisions"}],"up":[{"embeddable":true,"href":"https:\/\/muetterberatung-bl-bs.ch\/2\/wp-json\/wp\/v2\/pages\/2360"}],"wp:attachment":[{"href":"https:\/\/muetterberatung-bl-bs.ch\/2\/wp-json\/wp\/v2\/media?parent=2456"}],"curies":[{"name":"wp","href":"https:\/\/api.w.org\/{rel}","templated":true}]}}