{"id":3029,"date":"2021-04-28T11:52:05","date_gmt":"2021-04-28T09:52:05","guid":{"rendered":"https:\/\/muetterberatung-bl-bs.ch\/2\/?page_id=3029"},"modified":"2023-09-20T08:35:56","modified_gmt":"2023-09-20T06:35:56","slug":"news","status":"publish","type":"page","link":"https:\/\/muetterberatung-bl-bs.ch\/2\/intern\/news\/","title":{"rendered":"News"},"content":{"rendered":"<div class=\"fusion-fullwidth fullwidth-box fusion-builder-row-1 fusion-flex-container nonhundred-percent-fullwidth non-hundred-percent-height-scrolling\" style=\"--awb-border-radius-top-left:0px;--awb-border-radius-top-right:0px;--awb-border-radius-bottom-right:0px;--awb-border-radius-bottom-left:0px;--awb-flex-wrap:wrap;\" ><div class=\"fusion-builder-row fusion-row fusion-flex-align-items-flex-start fusion-flex-content-wrap\" style=\"max-width:1331.2px;margin-left: calc(-4% \/ 2 );margin-right: calc(-4% \/ 2 );\"><div class=\"fusion-layout-column fusion_builder_column fusion-builder-column-0 fusion_builder_column_1_1 1_1 fusion-flex-column\" style=\"--awb-bg-size:cover;--awb-width-large:100%;--awb-margin-top-large:20px;--awb-spacing-right-large:1.92%;--awb-margin-bottom-large:20px;--awb-spacing-left-large:1.92%;--awb-width-medium:100%;--awb-order-medium:0;--awb-spacing-right-medium:1.92%;--awb-spacing-left-medium:1.92%;--awb-width-small:100%;--awb-order-small:0;--awb-spacing-right-small:1.92%;--awb-spacing-left-small:1.92%;\"><div class=\"fusion-column-wrapper fusion-column-has-shadow fusion-flex-justify-content-flex-start fusion-content-layout-column\"><div class=\"fusion-recent-posts fusion-recent-posts-1 avada-container layout-default layout-columns-1\"><section class=\"fusion-columns columns fusion-columns-1 columns-1\"><article class=\"post fusion-column column col col-lg-12 col-md-12 col-sm-12\"><div class=\"recent-posts-content\"><span class=\"vcard\" style=\"display: none;\"><span class=\"fn\"><a href=\"https:\/\/muetterberatung-bl-bs.ch\/2\/author\/marina-saladin\/\" title=\"Beitr\u00e4ge von Marina Saladin\" rel=\"author\">Marina Saladin<\/a><\/span><\/span><span class=\"updated\" style=\"display:none;\">2024-03-19T12:02:00+01:00<\/span><h4 class=\"entry-title\"><a href=\"https:\/\/muetterberatung-bl-bs.ch\/2\/medienspiegel-15-3-24\/\">Medienspiegel 15.3.24<\/a><\/h4><p class=\"meta\"><span class=\"vcard\" style=\"display: none;\"><span class=\"fn\"><a href=\"https:\/\/muetterberatung-bl-bs.ch\/2\/author\/marina-saladin\/\" title=\"Beitr\u00e4ge von Marina Saladin\" rel=\"author\">Marina Saladin<\/a><\/span><\/span><span class=\"updated\" style=\"display:none;\">2024-03-19T12:02:00+01:00<\/span><span>M\u00e4rz 19th, 2024<\/span><span class=\"fusion-inline-sep\">|<\/span><\/p><p> Familien unter Druck Tagesschau - Familien in der Schweiz unter finanziellem Druck - Play SRF Familienbarometer Familienbarometer - Pax    <\/p><\/div><\/article><article class=\"post fusion-column column col col-lg-12 col-md-12 col-sm-12\"><div class=\"recent-posts-content\"><span class=\"vcard\" style=\"display: none;\"><span class=\"fn\"><a href=\"https:\/\/muetterberatung-bl-bs.ch\/2\/author\/marina-saladin\/\" title=\"Beitr\u00e4ge von Marina Saladin\" rel=\"author\">Marina Saladin<\/a><\/span><\/span><span class=\"updated\" style=\"display:none;\">2024-03-14T10:27:11+01:00<\/span><h4 class=\"entry-title\"><a href=\"https:\/\/muetterberatung-bl-bs.ch\/2\/medienspiegel-14-maerz-24\/\">Medienspiegel 14. M\u00e4rz 24<\/a><\/h4><p class=\"meta\"><span class=\"vcard\" style=\"display: none;\"><span class=\"fn\"><a href=\"https:\/\/muetterberatung-bl-bs.ch\/2\/author\/marina-saladin\/\" title=\"Beitr\u00e4ge von Marina Saladin\" rel=\"author\">Marina Saladin<\/a><\/span><\/span><span class=\"updated\" style=\"display:none;\">2024-03-14T10:27:11+01:00<\/span><span>M\u00e4rz 14th, 2024<\/span><span class=\"fusion-inline-sep\">|<\/span><\/p><p> V_Medienspiegel_VGD_14_M\u00e4rz_2024_Kita V_Medienspiegel_VGD_14_M\u00e4rz_2024_Familien V_Medienspiegel_VGD_14_M\u00e4rz_2024_Doppelnamen \u00abJeder Anruf ist ein Sprung ins kalte Wasser\u00bb - 20 Minuten_ Dargebotene Hand    <\/p><\/div><\/article><article class=\"post fusion-column column col col-lg-12 col-md-12 col-sm-12\"><div class=\"recent-posts-content\"><span class=\"vcard\" style=\"display: none;\"><span class=\"fn\"><a href=\"https:\/\/muetterberatung-bl-bs.ch\/2\/author\/marina-saladin\/\" title=\"Beitr\u00e4ge von Marina Saladin\" rel=\"author\">Marina Saladin<\/a><\/span><\/span><span class=\"updated\" style=\"display:none;\">2024-02-06T10:55:43+01:00<\/span><h4 class=\"entry-title\"><a href=\"https:\/\/muetterberatung-bl-bs.ch\/2\/medienspiegel-5-2-24\/\">Medienspiegel 5.2.24<\/a><\/h4><p class=\"meta\"><span class=\"vcard\" style=\"display: none;\"><span class=\"fn\"><a href=\"https:\/\/muetterberatung-bl-bs.ch\/2\/author\/marina-saladin\/\" title=\"Beitr\u00e4ge von Marina Saladin\" rel=\"author\">Marina Saladin<\/a><\/span><\/span><span class=\"updated\" style=\"display:none;\">2024-02-06T10:55:43+01:00<\/span><span>Februar 6th, 2024<\/span><span class=\"fusion-inline-sep\">|<\/span><\/p><p>V_Medienspiegel_VGD_05_Februar_2024_Fr\u00fche F\u00f6rderung<\/p><\/div><\/article><article class=\"post fusion-column column col col-lg-12 col-md-12 col-sm-12\"><div class=\"recent-posts-content\"><span class=\"vcard\" style=\"display: none;\"><span class=\"fn\"><a href=\"https:\/\/muetterberatung-bl-bs.ch\/2\/author\/marina-saladin\/\" title=\"Beitr\u00e4ge von Marina Saladin\" rel=\"author\">Marina Saladin<\/a><\/span><\/span><span class=\"updated\" style=\"display:none;\">2024-02-06T09:13:34+01:00<\/span><h4 class=\"entry-title\"><a href=\"https:\/\/muetterberatung-bl-bs.ch\/2\/medienspiegel-6-2-24\/\">Medienspiegel 6.2.24<\/a><\/h4><p class=\"meta\"><span class=\"vcard\" style=\"display: none;\"><span class=\"fn\"><a href=\"https:\/\/muetterberatung-bl-bs.ch\/2\/author\/marina-saladin\/\" title=\"Beitr\u00e4ge von Marina Saladin\" rel=\"author\">Marina Saladin<\/a><\/span><\/span><span class=\"updated\" style=\"display:none;\">2024-02-06T09:13:34+01:00<\/span><span>Februar 6th, 2024<\/span><span class=\"fusion-inline-sep\">|<\/span><\/p><p>V_Medienspiegel_VGD_6_Februar_2024_Kinderbetreuung V_Medienspiegel_VGD_6_Februar_2024_Bildschirm<\/p><\/div><\/article><article class=\"post fusion-column column col col-lg-12 col-md-12 col-sm-12\"><div class=\"recent-posts-content\"><span class=\"vcard\" style=\"display: none;\"><span class=\"fn\"><a href=\"https:\/\/muetterberatung-bl-bs.ch\/2\/author\/marina-saladin\/\" title=\"Beitr\u00e4ge von Marina Saladin\" rel=\"author\">Marina Saladin<\/a><\/span><\/span><span class=\"updated\" style=\"display:none;\">2024-01-29T10:48:53+01:00<\/span><h4 class=\"entry-title\"><a href=\"https:\/\/muetterberatung-bl-bs.ch\/2\/medienspiegel-29-1-24\/\">Medienspiegel 29.1.24<\/a><\/h4><p class=\"meta\"><span class=\"vcard\" style=\"display: none;\"><span class=\"fn\"><a href=\"https:\/\/muetterberatung-bl-bs.ch\/2\/author\/marina-saladin\/\" title=\"Beitr\u00e4ge von Marina Saladin\" rel=\"author\">Marina Saladin<\/a><\/span><\/span><span class=\"updated\" style=\"display:none;\">2024-01-29T10:48:53+01:00<\/span><span>Januar 29th, 2024<\/span><span class=\"fusion-inline-sep\">|<\/span><\/p><p>Medienspiegel_29_Januar_2024_H\u00f6rger\u00e4te Kinder<\/p><\/div><\/article><article class=\"post fusion-column column col col-lg-12 col-md-12 col-sm-12\"><div class=\"recent-posts-content\"><span class=\"vcard\" style=\"display: none;\"><span class=\"fn\"><a href=\"https:\/\/muetterberatung-bl-bs.ch\/2\/author\/marina-saladin\/\" title=\"Beitr\u00e4ge von Marina Saladin\" rel=\"author\">Marina Saladin<\/a><\/span><\/span><span class=\"updated\" style=\"display:none;\">2024-01-29T08:22:59+01:00<\/span><h4 class=\"entry-title\"><a href=\"https:\/\/muetterberatung-bl-bs.ch\/2\/medienspiegel-25-1-24\/\">Medienspiegel 25.1.24<\/a><\/h4><p class=\"meta\"><span class=\"vcard\" style=\"display: none;\"><span class=\"fn\"><a href=\"https:\/\/muetterberatung-bl-bs.ch\/2\/author\/marina-saladin\/\" title=\"Beitr\u00e4ge von Marina Saladin\" rel=\"author\">Marina Saladin<\/a><\/span><\/span><span class=\"updated\" style=\"display:none;\">2024-01-29T08:22:59+01:00<\/span><span>Januar 29th, 2024<\/span><span class=\"fusion-inline-sep\">|<\/span><\/p><p>Medienspiegel_VGD_25_Januar_2024_Mietreduktion Einkommensschache Familien Medienspiegel_VGD_25_Januar_2024_Doppelnamen<\/p><\/div><\/article><article class=\"post fusion-column column col col-lg-12 col-md-12 col-sm-12\"><div class=\"recent-posts-content\"><span class=\"vcard\" style=\"display: none;\"><span class=\"fn\"><a href=\"https:\/\/muetterberatung-bl-bs.ch\/2\/author\/marina-saladin\/\" title=\"Beitr\u00e4ge von Marina Saladin\" rel=\"author\">Marina Saladin<\/a><\/span><\/span><span class=\"updated\" style=\"display:none;\">2024-01-29T08:16:56+01:00<\/span><h4 class=\"entry-title\"><a href=\"https:\/\/muetterberatung-bl-bs.ch\/2\/medienspiegel-26-1-24\/\">Medienspiegel 26.1.24<\/a><\/h4><p class=\"meta\"><span class=\"vcard\" style=\"display: none;\"><span class=\"fn\"><a href=\"https:\/\/muetterberatung-bl-bs.ch\/2\/author\/marina-saladin\/\" title=\"Beitr\u00e4ge von Marina Saladin\" rel=\"author\">Marina Saladin<\/a><\/span><\/span><span class=\"updated\" style=\"display:none;\">2024-01-29T08:16:56+01:00<\/span><span>Januar 29th, 2024<\/span><span class=\"fusion-inline-sep\">|<\/span><\/p><p>Medienspiegel_VGD_26_Januar_2024_H\u00e4usliche Gewalt Medienspiegel_VGD_26_Januar_2024_Kantonsarzt<\/p><\/div><\/article><article class=\"post fusion-column column col col-lg-12 col-md-12 col-sm-12\"><div class=\"recent-posts-content\"><span class=\"vcard\" style=\"display: none;\"><span class=\"fn\"><a href=\"https:\/\/muetterberatung-bl-bs.ch\/2\/author\/marina-saladin\/\" title=\"Beitr\u00e4ge von Marina Saladin\" rel=\"author\">Marina Saladin<\/a><\/span><\/span><span class=\"updated\" style=\"display:none;\">2024-01-24T10:01:26+01:00<\/span><h4 class=\"entry-title\"><a href=\"https:\/\/muetterberatung-bl-bs.ch\/2\/medienspiegel-24-1-24\/\">Medienspiegel 24.1.24<\/a><\/h4><p class=\"meta\"><span class=\"vcard\" style=\"display: none;\"><span class=\"fn\"><a href=\"https:\/\/muetterberatung-bl-bs.ch\/2\/author\/marina-saladin\/\" title=\"Beitr\u00e4ge von Marina Saladin\" rel=\"author\">Marina Saladin<\/a><\/span><\/span><span class=\"updated\" style=\"display:none;\">2024-01-24T10:01:26+01:00<\/span><span>Januar 24th, 2024<\/span><span class=\"fusion-inline-sep\">|<\/span><\/p><p> 10 vor 10 - Studie zeigt: Schweizer Kinder verbringen weniger Zeit draussen - Play SRF    <\/p><\/div><\/article><article class=\"post fusion-column column col col-lg-12 col-md-12 col-sm-12\"><div class=\"recent-posts-content\"><span class=\"vcard\" style=\"display: none;\"><span class=\"fn\"><a href=\"https:\/\/muetterberatung-bl-bs.ch\/2\/author\/marina-saladin\/\" title=\"Beitr\u00e4ge von Marina Saladin\" rel=\"author\">Marina Saladin<\/a><\/span><\/span><span class=\"updated\" style=\"display:none;\">2024-01-17T09:40:49+01:00<\/span><h4 class=\"entry-title\"><a href=\"https:\/\/muetterberatung-bl-bs.ch\/2\/medienspiegel-16-1-24\/\">Medienspiegel 16.1.24<\/a><\/h4><p class=\"meta\"><span class=\"vcard\" style=\"display: none;\"><span class=\"fn\"><a href=\"https:\/\/muetterberatung-bl-bs.ch\/2\/author\/marina-saladin\/\" title=\"Beitr\u00e4ge von Marina Saladin\" rel=\"author\">Marina Saladin<\/a><\/span><\/span><span class=\"updated\" style=\"display:none;\">2024-01-17T09:40:49+01:00<\/span><span>Januar 17th, 2024<\/span><span class=\"fusion-inline-sep\">|<\/span><\/p><p> Kidner mit Migrationshintergrund_Medienspiegel.16.1.24 M\u00fctter und ihre Kinder feiern oft im gleichen Monat Geburtstag Geburtsmonate werden \u00fcber Generationen hinweg weitergegeben, zeigt eine neue Studie. Haben Sie im gleichen Monat wie Ihre Mutter Geburtstag? Wenn ja, sind Sie damit nicht alleine. Erstaunlich viele M\u00fctter teilen ihren Geburtsmonat mit ihren Kindern. Dies hat eine neue Studie von US-amerikanischen und spanischen Forschenden ergeben. Auch Geschwister haben \u00f6fter als erwartet im gleichen Monat Geburtstag. Weniger oft teilen V\u00e4ter und Kinder ihren Geburtsmonat. Die Forschenden haben die Daten von \u00fcber 10 Millionen Geburten in Spanien und Frankreich analysiert. Darin enthalten waren die Geburtsmonate der Kinder sowie die der Eltern und des Geschwisters, dessen Geburtstag am n\u00e4chsten liegt. Untersucht wurden verschiedene Zeitr\u00e4ume in vier Dreijahresabschnitten verteilt \u00fcber die 1980er-Jahre bis 2019. Fr\u00fchere Studien zeigten bereits, dass Geburten in einem spezifischen Land gewissen Mustern folgen. Beispielsweise, dass in gewissen Monaten mehr Kinder auf die Welt kommen als in anderen. Als die Forschenden in der vorliegenden Studie die Daten nach den Geburtsmonaten der M\u00fctter aufteilten, kamen die Geburten aber nicht anhand der zuvor beobachteten Muster vor. Vielmehr zeigte sich, dass M\u00fctter, die im Januar geboren wurden, ihre Kinder auch eher im Januar geb\u00e4ren. Jene, die im Februar geboren<\/p><\/div><\/article><article class=\"post fusion-column column col col-lg-12 col-md-12 col-sm-12\"><div class=\"recent-posts-content\"><span class=\"vcard\" style=\"display: none;\"><span class=\"fn\"><a href=\"https:\/\/muetterberatung-bl-bs.ch\/2\/author\/marina-saladin\/\" title=\"Beitr\u00e4ge von Marina Saladin\" rel=\"author\">Marina Saladin<\/a><\/span><\/span><span class=\"updated\" style=\"display:none;\">2024-01-12T11:03:48+01:00<\/span><h4 class=\"entry-title\"><a href=\"https:\/\/muetterberatung-bl-bs.ch\/2\/elternberatung-bs-gehoert-neu-zum-buergerlichen-waisenhaus-basel\/\">Elternberatung BS geh\u00f6rt neu zum B\u00fcrgerlichen Waisenhaus Basel<\/a><\/h4><p class=\"meta\"><span class=\"vcard\" style=\"display: none;\"><span class=\"fn\"><a href=\"https:\/\/muetterberatung-bl-bs.ch\/2\/author\/marina-saladin\/\" title=\"Beitr\u00e4ge von Marina Saladin\" rel=\"author\">Marina Saladin<\/a><\/span><\/span><span class=\"updated\" style=\"display:none;\">2024-01-12T11:03:48+01:00<\/span><span>Januar 12th, 2024<\/span><span class=\"fusion-inline-sep\">|<\/span><\/p><p>Neue Homepage Elternberatung BS (waisehuus.ch) 2024-01-11 Medieninformation Zusammenschluss Sehr geehrte Damen und Herren Das B\u00fcrgerliche Waisenhaus Basel und der Verein f\u00fcr Kinderbetreuung Basel haben sich per 1. Januar 2024 zusammengeschlossen. Das Waisenhaus startet das neue Jahr mit einem erweiterten Angebot, zus\u00e4tzlichen Standorten und unter neuer Leitung. Anbei zu Ihrer Information die heute verschickte Medieninformation. F\u00fcr Fragen stehen wir Ihnen gerne zur Verf\u00fcgung und freuen uns auf die weitere Zusammenarbeit. Freundliche Gr\u00fcsse Daniela Schwiefert<\/p><\/div><\/article><\/section><div class=\"pagination clearfix\"><span class=\"current\">1<\/span><a href=\"https:\/\/muetterberatung-bl-bs.ch\/2\/wp-json\/wp\/v2\/pages\/3029\/page\/2\/\" class=\"inactive\">2<\/a><a class=\"pagination-next\" rel=\"next\" href=\"https:\/\/muetterberatung-bl-bs.ch\/2\/wp-json\/wp\/v2\/pages\/3029\/page\/2\/\"><span class=\"page-text\">Vor<\/span><span class=\"page-next\"><\/span><\/a><\/div><div class=\"fusion-clearfix\"><\/div><\/div><\/div><\/div><\/div><\/div>\n","protected":false},"excerpt":{"rendered":"<div class=\"acpwd-container\" id=\"acpwd-3957\">\n<p class=\"acpwd-info-message\">Dieser Inhalt ist gesch\u00fctzt, bitte geben Sie das Passwort ein um zu dem Artikel Zugang zu bekommen.<\/p>\n<form class=\"acpwd-form\" action=\"\/2\/wp-json\/wp\/v2\/pages\/3029#acpwd-3957\" method=\"post\">\n\t<input class=\"acpwd-pass\" type=\"password\" name=\"acpwd-pass\" placeholder=\"\"><input class=\"acpwd-submit\" type=\"submit\" value=\"Zugang\"><br \/>\n<\/form>\n<\/div>\n","protected":false},"author":1,"featured_media":0,"parent":2360,"menu_order":0,"comment_status":"closed","ping_status":"closed","template":"","meta":{"_monsterinsights_skip_tracking":false,"_monsterinsights_sitenote_active":false,"_monsterinsights_sitenote_note":"","_monsterinsights_sitenote_category":0,"footnotes":""},"class_list":["post-3029","page","type-page","status-publish","hentry"],"yoast_head":"<!-- This site is optimized with the Yoast SEO plugin v27.2 - https:\/\/yoast.com\/product\/yoast-seo-wordpress\/ -->\n<title>News &#8211; M\u00fctter- und V\u00e4terberatung BL<\/title>\n<meta name=\"robots\" content=\"index, follow, max-snippet:-1, max-image-preview:large, max-video-preview:-1\" \/>\n<link rel=\"canonical\" href=\"https:\/\/muetterberatung-bl-bs.ch\/2\/intern\/news\/\" \/>\n<meta property=\"og:locale\" content=\"de_DE\" \/>\n<meta property=\"og:type\" content=\"article\" \/>\n<meta property=\"og:title\" content=\"News &#8211; M\u00fctter- und V\u00e4terberatung BL\" \/>\n<meta property=\"og:description\" content=\"Dieser Inhalt ist gesch\u00fctzt, bitte geben Sie das Passwort ein um zu dem Artikel Zugang zu bekommen.\" \/>\n<meta property=\"og:url\" content=\"https:\/\/muetterberatung-bl-bs.ch\/2\/intern\/news\/\" \/>\n<meta property=\"og:site_name\" content=\"M\u00fctter- und V\u00e4terberatung BL\" \/>\n<meta property=\"article:modified_time\" content=\"2023-09-20T06:35:56+00:00\" \/>\n<meta name=\"twitter:card\" content=\"summary_large_image\" \/>\n<meta name=\"twitter:label1\" content=\"Gesch\u00e4tzte Lesezeit\" \/>\n\t<meta name=\"twitter:data1\" content=\"2\u00a0Minuten\" \/>\n<script type=\"application\/ld+json\" class=\"yoast-schema-graph\">{\"@context\":\"https:\/\/schema.org\",\"@graph\":[{\"@type\":\"WebPage\",\"@id\":\"https:\/\/muetterberatung-bl-bs.ch\/2\/intern\/news\/\",\"url\":\"https:\/\/muetterberatung-bl-bs.ch\/2\/intern\/news\/\",\"name\":\"News &#8211; M\u00fctter- und V\u00e4terberatung BL\",\"isPartOf\":{\"@id\":\"https:\/\/muetterberatung-bl-bs.ch\/2\/#website\"},\"datePublished\":\"2021-04-28T09:52:05+00:00\",\"dateModified\":\"2023-09-20T06:35:56+00:00\",\"breadcrumb\":{\"@id\":\"https:\/\/muetterberatung-bl-bs.ch\/2\/intern\/news\/#breadcrumb\"},\"inLanguage\":\"de\",\"potentialAction\":[{\"@type\":\"ReadAction\",\"target\":[\"https:\/\/muetterberatung-bl-bs.ch\/2\/intern\/news\/\"]}]},{\"@type\":\"BreadcrumbList\",\"@id\":\"https:\/\/muetterberatung-bl-bs.ch\/2\/intern\/news\/#breadcrumb\",\"itemListElement\":[{\"@type\":\"ListItem\",\"position\":1,\"name\":\"Startseite\",\"item\":\"https:\/\/muetterberatung-bl-bs.ch\/2\/\"},{\"@type\":\"ListItem\",\"position\":2,\"name\":\"Intern\",\"item\":\"https:\/\/muetterberatung-bl-bs.ch\/2\/intern\/\"},{\"@type\":\"ListItem\",\"position\":3,\"name\":\"News\"}]},{\"@type\":\"WebSite\",\"@id\":\"https:\/\/muetterberatung-bl-bs.ch\/2\/#website\",\"url\":\"https:\/\/muetterberatung-bl-bs.ch\/2\/\",\"name\":\"M\u00fctter- und V\u00e4terberatung BL\",\"description\":\"\",\"publisher\":{\"@id\":\"https:\/\/muetterberatung-bl-bs.ch\/2\/#organization\"},\"potentialAction\":[{\"@type\":\"SearchAction\",\"target\":{\"@type\":\"EntryPoint\",\"urlTemplate\":\"https:\/\/muetterberatung-bl-bs.ch\/2\/?s={search_term_string}\"},\"query-input\":{\"@type\":\"PropertyValueSpecification\",\"valueRequired\":true,\"valueName\":\"search_term_string\"}}],\"inLanguage\":\"de\"},{\"@type\":\"Organization\",\"@id\":\"https:\/\/muetterberatung-bl-bs.ch\/2\/#organization\",\"name\":\"M\u00fctter- und V\u00e4terberatung BL\",\"url\":\"https:\/\/muetterberatung-bl-bs.ch\/2\/\",\"logo\":{\"@type\":\"ImageObject\",\"inLanguage\":\"de\",\"@id\":\"https:\/\/muetterberatung-bl-bs.ch\/2\/#\/schema\/logo\/image\/\",\"url\":\"https:\/\/muetterberatung-bl-bs.ch\/2\/wp-content\/uploads\/2020\/11\/MV_Beratung_Logo_rgb.svg\",\"contentUrl\":\"https:\/\/muetterberatung-bl-bs.ch\/2\/wp-content\/uploads\/2020\/11\/MV_Beratung_Logo_rgb.svg\",\"width\":191,\"height\":65,\"caption\":\"M\u00fctter- und V\u00e4terberatung BL\"},\"image\":{\"@id\":\"https:\/\/muetterberatung-bl-bs.ch\/2\/#\/schema\/logo\/image\/\"}}]}<\/script>\n<!-- \/ Yoast SEO plugin. -->","yoast_head_json":{"title":"News &#8211; M\u00fctter- und V\u00e4terberatung BL","robots":{"index":"index","follow":"follow","max-snippet":"max-snippet:-1","max-image-preview":"max-image-preview:large","max-video-preview":"max-video-preview:-1"},"canonical":"https:\/\/muetterberatung-bl-bs.ch\/2\/intern\/news\/","og_locale":"de_DE","og_type":"article","og_title":"News &#8211; M\u00fctter- und V\u00e4terberatung BL","og_description":"Dieser Inhalt ist gesch\u00fctzt, bitte geben Sie das Passwort ein um zu dem Artikel Zugang zu bekommen.","og_url":"https:\/\/muetterberatung-bl-bs.ch\/2\/intern\/news\/","og_site_name":"M\u00fctter- und V\u00e4terberatung BL","article_modified_time":"2023-09-20T06:35:56+00:00","twitter_card":"summary_large_image","twitter_misc":{"Gesch\u00e4tzte Lesezeit":"2\u00a0Minuten"},"schema":{"@context":"https:\/\/schema.org","@graph":[{"@type":"WebPage","@id":"https:\/\/muetterberatung-bl-bs.ch\/2\/intern\/news\/","url":"https:\/\/muetterberatung-bl-bs.ch\/2\/intern\/news\/","name":"News &#8211; M\u00fctter- und V\u00e4terberatung BL","isPartOf":{"@id":"https:\/\/muetterberatung-bl-bs.ch\/2\/#website"},"datePublished":"2021-04-28T09:52:05+00:00","dateModified":"2023-09-20T06:35:56+00:00","breadcrumb":{"@id":"https:\/\/muetterberatung-bl-bs.ch\/2\/intern\/news\/#breadcrumb"},"inLanguage":"de","potentialAction":[{"@type":"ReadAction","target":["https:\/\/muetterberatung-bl-bs.ch\/2\/intern\/news\/"]}]},{"@type":"BreadcrumbList","@id":"https:\/\/muetterberatung-bl-bs.ch\/2\/intern\/news\/#breadcrumb","itemListElement":[{"@type":"ListItem","position":1,"name":"Startseite","item":"https:\/\/muetterberatung-bl-bs.ch\/2\/"},{"@type":"ListItem","position":2,"name":"Intern","item":"https:\/\/muetterberatung-bl-bs.ch\/2\/intern\/"},{"@type":"ListItem","position":3,"name":"News"}]},{"@type":"WebSite","@id":"https:\/\/muetterberatung-bl-bs.ch\/2\/#website","url":"https:\/\/muetterberatung-bl-bs.ch\/2\/","name":"M\u00fctter- und V\u00e4terberatung BL","description":"","publisher":{"@id":"https:\/\/muetterberatung-bl-bs.ch\/2\/#organization"},"potentialAction":[{"@type":"SearchAction","target":{"@type":"EntryPoint","urlTemplate":"https:\/\/muetterberatung-bl-bs.ch\/2\/?s={search_term_string}"},"query-input":{"@type":"PropertyValueSpecification","valueRequired":true,"valueName":"search_term_string"}}],"inLanguage":"de"},{"@type":"Organization","@id":"https:\/\/muetterberatung-bl-bs.ch\/2\/#organization","name":"M\u00fctter- und V\u00e4terberatung BL","url":"https:\/\/muetterberatung-bl-bs.ch\/2\/","logo":{"@type":"ImageObject","inLanguage":"de","@id":"https:\/\/muetterberatung-bl-bs.ch\/2\/#\/schema\/logo\/image\/","url":"https:\/\/muetterberatung-bl-bs.ch\/2\/wp-content\/uploads\/2020\/11\/MV_Beratung_Logo_rgb.svg","contentUrl":"https:\/\/muetterberatung-bl-bs.ch\/2\/wp-content\/uploads\/2020\/11\/MV_Beratung_Logo_rgb.svg","width":191,"height":65,"caption":"M\u00fctter- und V\u00e4terberatung BL"},"image":{"@id":"https:\/\/muetterberatung-bl-bs.ch\/2\/#\/schema\/logo\/image\/"}}]}},"_links":{"self":[{"href":"https:\/\/muetterberatung-bl-bs.ch\/2\/wp-json\/wp\/v2\/pages\/3029","targetHints":{"allow":["GET"]}}],"collection":[{"href":"https:\/\/muetterberatung-bl-bs.ch\/2\/wp-json\/wp\/v2\/pages"}],"about":[{"href":"https:\/\/muetterberatung-bl-bs.ch\/2\/wp-json\/wp\/v2\/types\/page"}],"author":[{"embeddable":true,"href":"https:\/\/muetterberatung-bl-bs.ch\/2\/wp-json\/wp\/v2\/users\/1"}],"replies":[{"embeddable":true,"href":"https:\/\/muetterberatung-bl-bs.ch\/2\/wp-json\/wp\/v2\/comments?post=3029"}],"version-history":[{"count":0,"href":"https:\/\/muetterberatung-bl-bs.ch\/2\/wp-json\/wp\/v2\/pages\/3029\/revisions"}],"up":[{"embeddable":true,"href":"https:\/\/muetterberatung-bl-bs.ch\/2\/wp-json\/wp\/v2\/pages\/2360"}],"wp:attachment":[{"href":"https:\/\/muetterberatung-bl-bs.ch\/2\/wp-json\/wp\/v2\/media?parent=3029"}],"curies":[{"name":"wp","href":"https:\/\/api.w.org\/{rel}","templated":true}]}}